{"id":248,"date":"2022-05-02T10:23:37","date_gmt":"2022-05-02T10:23:37","guid":{"rendered":"http:\/\/fm.fullcircle.es\/?page_id=248"},"modified":"2024-01-23T12:54:48","modified_gmt":"2024-01-23T11:54:48","slug":"castanuelas","status":"publish","type":"page","link":"https:\/\/flamencomadrid.com\/fr\/instruments-du-flamenco\/castagnettes\/","title":{"rendered":"Castagnettes"},"content":{"rendered":"<p><\/p>\n<h2>L&rsquo;art de jouer des castagnettes<\/h2>\n<p>Nous reconnaissons tous le son que produit cet instrument caract\u00e9ristique. Mais peu d&rsquo;entre nous connaissent ses curieuses origines.<\/p>\n<p>Les castagnettes, \u00e9galement connues sous le nom de <em><strong>palillos<\/strong><\/em>, sont n\u00e9es avec les <strong>Ph\u00e9niciens<\/strong>. Cette culture, qui s&rsquo;est ensuite \u00e9tablie en <strong>Andalousie<\/strong>, a donn\u00e9 \u00e0 cet instrument le nom de <strong>cr\u00f3tolas<\/strong>. Il s&rsquo;agissait de <strong>cr\u00e9ations artisanales<\/strong> r\u00e9alis\u00e9es \u00e0 partir de n&rsquo;importe quel type de bois, qui \u00e9taient utilis\u00e9es pour faire la f\u00eate. <strong>Toute raison de faire la f\u00eate<\/strong> \u00e9tait une excuse parfaite pour que les Ph\u00e9niciens sortent les castagnettes. Outre le flamenco, les castagnettes sont utilis\u00e9es pour de nombreuses <strong>danses r\u00e9gionales en Espagne.<\/strong><\/p>","protected":false},"excerpt":{"rendered":"L&rsquo;art de jouer des castagnettes Nous reconnaissons tous le son que produit cet instrument caract\u00e9ristique. Mais peu d&rsquo;entre nous connaissent ses curieuses origines. Les castagnettes, \u00e9galement connues sous le nom de palillos, sont n\u00e9es avec les Ph\u00e9niciens. Cette culture, qui s&rsquo;est ensuite \u00e9tablie en Andalousie, a donn\u00e9 \u00e0 cet instrument le nom de cr\u00f3tolas. Il&#8230;","protected":false},"author":1,"featured_media":392,"parent":152,"menu_order":3,"comment_status":"closed","ping_status":"closed","template":"templates\/instruments.php","meta":{"_acf_changed":false,"footnotes":""},"class_list":["post-248","page","type-page","status-publish","has-post-thumbnail","hentry"],"acf":[],"yoast_head":"<!-- This site is optimized with the Yoast SEO plugin v27.4 - https:\/\/yoast.com\/product\/yoast-seo-wordpress\/ -->\n<title>Castagnettes - Flamenco Madrid<\/title>\n<meta name=\"robots\" content=\"index, follow, max-snippet:-1, max-image-preview:large, max-video-preview:-1\" \/>\n<link rel=\"canonical\" href=\"\/\" \/>\n<meta property=\"og:locale\" content=\"fr_FR\" \/>\n<meta property=\"og:type\" content=\"article\" \/>\n<meta property=\"og:title\" content=\"Castagnettes - Flamenco Madrid\" \/>\n<meta property=\"og:description\" content=\"L&rsquo;art de jouer des castagnettes Nous reconnaissons tous le son que produit cet instrument caract\u00e9ristique. Mais peu d&rsquo;entre nous connaissent ses curieuses origines. Les castagnettes, \u00e9galement connues sous le nom de palillos, sont n\u00e9es avec les Ph\u00e9niciens. Cette culture, qui s&rsquo;est ensuite \u00e9tablie en Andalousie, a donn\u00e9 \u00e0 cet instrument le nom de cr\u00f3tolas. Il...\" \/>\n<meta property=\"og:url\" content=\"https:\/\/flamencomadrid.com\/fr\/instrumentos-para-el-flamenco\/castanuelas\/\" \/>\n<meta property=\"og:site_name\" content=\"Flamenco Madrid\" \/>\n<meta property=\"article:modified_time\" content=\"2024-01-23T11:54:48+00:00\" \/>\n<meta property=\"og:image\" content=\"https:\/\/flamencomadrid.com\/wp-content\/uploads\/2022\/05\/instrumentos-para-el-flamenco-03.jpg\" \/>\n\t<meta property=\"og:image:width\" content=\"700\" \/>\n\t<meta property=\"og:image:height\" content=\"400\" \/>\n\t<meta property=\"og:image:type\" content=\"image\/jpeg\" \/>\n<meta name=\"twitter:card\" content=\"summary_large_image\" \/>\n<meta name=\"twitter:label1\" content=\"Dur\u00e9e de lecture estim\u00e9e\" \/>\n\t<meta name=\"twitter:data1\" content=\"2 minutes\" \/>\n<script type=\"application\/ld+json\" class=\"yoast-schema-graph\">{\"@context\":\"https:\\\/\\\/schema.org\",\"@graph\":[{\"@type\":\"WebPage\",\"@id\":\"https:\\\/\\\/flamencomadrid.com\\\/fr\\\/instrumentos-para-el-flamenco\\\/castanuelas\\\/\",\"url\":\"https:\\\/\\\/flamencomadrid.com\\\/fr\\\/instrumentos-para-el-flamenco\\\/castanuelas\\\/\",\"name\":\"Castagnettes - Flamenco Madrid\",\"isPartOf\":{\"@id\":\"https:\\\/\\\/flamencomadrid.com\\\/fr\\\/#website\"},\"primaryImageOfPage\":{\"@id\":\"https:\\\/\\\/flamencomadrid.com\\\/fr\\\/instrumentos-para-el-flamenco\\\/castanuelas\\\/#primaryimage\"},\"image\":{\"@id\":\"https:\\\/\\\/flamencomadrid.com\\\/es\\\/instrumentos-para-el-flamenco\\\/castanuelas\\\/#primaryimage\"},\"thumbnailUrl\":\"https:\\\/\\\/flamencomadrid.com\\\/wp-content\\\/uploads\\\/2022\\\/05\\\/instrumentos-para-el-flamenco-03.jpg\",\"datePublished\":\"2022-05-02T10:23:37+00:00\",\"dateModified\":\"2024-01-23T11:54:48+00:00\",\"breadcrumb\":{\"@id\":\"https:\\\/\\\/flamencomadrid.com\\\/fr\\\/instrumentos-para-el-flamenco\\\/castanuelas\\\/#breadcrumb\"},\"inLanguage\":\"fr-FR\",\"potentialAction\":[{\"@type\":\"ReadAction\",\"target\":[[\"https:\\\/\\\/flamencomadrid.com\\\/fr\\\/instrumentos-para-el-flamenco\\\/castanuelas\\\/\"]]}]},{\"@type\":\"ImageObject\",\"inLanguage\":\"fr-FR\",\"@id\":\"https:\\\/\\\/flamencomadrid.com\\\/fr\\\/instrumentos-para-el-flamenco\\\/castanuelas\\\/#primaryimage\",\"url\":\"https:\\\/\\\/flamencomadrid.com\\\/wp-content\\\/uploads\\\/2022\\\/05\\\/instrumentos-para-el-flamenco-03.jpg\",\"contentUrl\":\"https:\\\/\\\/flamencomadrid.com\\\/wp-content\\\/uploads\\\/2022\\\/05\\\/instrumentos-para-el-flamenco-03.jpg\",\"width\":700,\"height\":400},{\"@type\":\"BreadcrumbList\",\"@id\":\"https:\\\/\\\/flamencomadrid.com\\\/fr\\\/instrumentos-para-el-flamenco\\\/castanuelas\\\/#breadcrumb\",\"itemListElement\":[{\"@type\":\"ListItem\",\"position\":1,\"name\":\"Home\",\"item\":\"https:\\\/\\\/flamencomadrid.com\\\/fr\\\/\"},{\"@type\":\"ListItem\",\"position\":2,\"name\":\"Instrumentos para el Flamenco\",\"item\":\"https:\\\/\\\/flamencomadrid.com\\\/fr\\\/instrumentos-para-el-flamenco\\\/\"},{\"@type\":\"ListItem\",\"position\":3,\"name\":\"Casta\u00f1uelas\"}]},{\"@type\":\"WebSite\",\"@id\":\"https:\\\/\\\/flamencomadrid.com\\\/fr\\\/#website\",\"url\":\"https:\\\/\\\/flamencomadrid.com\\\/fr\\\/\",\"name\":\"Flamenco Madrid\",\"description\":\"Otro sitio realizado con WordPress\",\"potentialAction\":[{\"@type\":\"SearchAction\",\"target\":{\"@type\":\"EntryPoint\",\"urlTemplate\":\"https:\\\/\\\/flamencomadrid.com\\\/fr\\\/?s={search_term_string}\"},\"query-input\":{\"@type\":\"PropertyValueSpecification\",\"valueRequired\":true,\"valueName\":\"search_term_string\"}}],\"inLanguage\":\"fr-FR\"}]}<\/script>\n<!-- \/ Yoast SEO plugin. -->","yoast_head_json":{"title":"Castagnettes - Flamenco Madrid","robots":{"index":"index","follow":"follow","max-snippet":"max-snippet:-1","max-image-preview":"max-image-preview:large","max-video-preview":"max-video-preview:-1"},"canonical":"\/","og_locale":"fr_FR","og_type":"article","og_title":"Castagnettes - Flamenco Madrid","og_description":"L&rsquo;art de jouer des castagnettes Nous reconnaissons tous le son que produit cet instrument caract\u00e9ristique. Mais peu d&rsquo;entre nous connaissent ses curieuses origines. Les castagnettes, \u00e9galement connues sous le nom de palillos, sont n\u00e9es avec les Ph\u00e9niciens. Cette culture, qui s&rsquo;est ensuite \u00e9tablie en Andalousie, a donn\u00e9 \u00e0 cet instrument le nom de cr\u00f3tolas. Il...","og_url":"https:\/\/flamencomadrid.com\/fr\/instrumentos-para-el-flamenco\/castanuelas\/","og_site_name":"Flamenco Madrid","article_modified_time":"2024-01-23T11:54:48+00:00","og_image":[{"width":700,"height":400,"url":"https:\/\/flamencomadrid.com\/wp-content\/uploads\/2022\/05\/instrumentos-para-el-flamenco-03.jpg","type":"image\/jpeg"}],"twitter_card":"summary_large_image","twitter_misc":{"Dur\u00e9e de lecture estim\u00e9e":"2 minutes"},"schema":{"@context":"https:\/\/schema.org","@graph":[{"@type":"WebPage","@id":"https:\/\/flamencomadrid.com\/fr\/instrumentos-para-el-flamenco\/castanuelas\/","url":"https:\/\/flamencomadrid.com\/fr\/instrumentos-para-el-flamenco\/castanuelas\/","name":"Castagnettes - Flamenco Madrid","isPartOf":{"@id":"https:\/\/flamencomadrid.com\/fr\/#website"},"primaryImageOfPage":{"@id":"https:\/\/flamencomadrid.com\/fr\/instrumentos-para-el-flamenco\/castanuelas\/#primaryimage"},"image":{"@id":"https:\/\/flamencomadrid.com\/es\/instrumentos-para-el-flamenco\/castanuelas\/#primaryimage"},"thumbnailUrl":"https:\/\/flamencomadrid.com\/wp-content\/uploads\/2022\/05\/instrumentos-para-el-flamenco-03.jpg","datePublished":"2022-05-02T10:23:37+00:00","dateModified":"2024-01-23T11:54:48+00:00","breadcrumb":{"@id":"https:\/\/flamencomadrid.com\/fr\/instrumentos-para-el-flamenco\/castanuelas\/#breadcrumb"},"inLanguage":"fr-FR","potentialAction":[{"@type":"ReadAction","target":[["https:\/\/flamencomadrid.com\/fr\/instrumentos-para-el-flamenco\/castanuelas\/"]]}]},{"@type":"ImageObject","inLanguage":"fr-FR","@id":"https:\/\/flamencomadrid.com\/fr\/instrumentos-para-el-flamenco\/castanuelas\/#primaryimage","url":"https:\/\/flamencomadrid.com\/wp-content\/uploads\/2022\/05\/instrumentos-para-el-flamenco-03.jpg","contentUrl":"https:\/\/flamencomadrid.com\/wp-content\/uploads\/2022\/05\/instrumentos-para-el-flamenco-03.jpg","width":700,"height":400},{"@type":"BreadcrumbList","@id":"https:\/\/flamencomadrid.com\/fr\/instrumentos-para-el-flamenco\/castanuelas\/#breadcrumb","itemListElement":[{"@type":"ListItem","position":1,"name":"Home","item":"https:\/\/flamencomadrid.com\/fr\/"},{"@type":"ListItem","position":2,"name":"Instrumentos para el Flamenco","item":"https:\/\/flamencomadrid.com\/fr\/instrumentos-para-el-flamenco\/"},{"@type":"ListItem","position":3,"name":"Casta\u00f1uelas"}]},{"@type":"WebSite","@id":"https:\/\/flamencomadrid.com\/fr\/#website","url":"https:\/\/flamencomadrid.com\/fr\/","name":"Flamenco Madrid","description":"Otro sitio realizado con WordPress","potentialAction":[{"@type":"SearchAction","target":{"@type":"EntryPoint","urlTemplate":"https:\/\/flamencomadrid.com\/fr\/?s={search_term_string}"},"query-input":{"@type":"PropertyValueSpecification","valueRequired":true,"valueName":"search_term_string"}}],"inLanguage":"fr-FR"}]}},"_links":{"self":[{"href":"https:\/\/flamencomadrid.com\/fr\/wp-json\/wp\/v2\/pages\/248","targetHints":{"allow":["GET"]}}],"collection":[{"href":"https:\/\/flamencomadrid.com\/fr\/wp-json\/wp\/v2\/pages"}],"about":[{"href":"https:\/\/flamencomadrid.com\/fr\/wp-json\/wp\/v2\/types\/page"}],"author":[{"embeddable":true,"href":"https:\/\/flamencomadrid.com\/fr\/wp-json\/wp\/v2\/users\/1"}],"replies":[{"embeddable":true,"href":"https:\/\/flamencomadrid.com\/fr\/wp-json\/wp\/v2\/comments?post=248"}],"version-history":[{"count":7,"href":"https:\/\/flamencomadrid.com\/fr\/wp-json\/wp\/v2\/pages\/248\/revisions"}],"predecessor-version":[{"id":1000,"href":"https:\/\/flamencomadrid.com\/fr\/wp-json\/wp\/v2\/pages\/248\/revisions\/1000"}],"up":[{"embeddable":true,"href":"https:\/\/flamencomadrid.com\/fr\/wp-json\/wp\/v2\/pages\/152"}],"wp:featuredmedia":[{"embeddable":true,"href":"https:\/\/flamencomadrid.com\/fr\/wp-json\/wp\/v2\/media\/392"}],"wp:attachment":[{"href":"https:\/\/flamencomadrid.com\/fr\/wp-json\/wp\/v2\/media?parent=248"}],"curies":[{"name":"wp","href":"https:\/\/api.w.org\/{rel}","templated":true}]}}