{"id":243,"date":"2022-05-02T10:16:37","date_gmt":"2022-05-02T10:16:37","guid":{"rendered":"http:\/\/fm.fullcircle.es\/?page_id=243"},"modified":"2024-01-23T12:59:20","modified_gmt":"2024-01-23T11:59:20","slug":"guitarras-y-guitarrerias","status":"publish","type":"page","link":"https:\/\/flamencomadrid.com\/fr\/instruments-du-flamenco\/guitares-et-magasins-de-guitares\/","title":{"rendered":"Guitares et magasins de guitares"},"content":{"rendered":"<p>Nous associons inconsciemment ces instruments \u00e0 l&rsquo;art du flamenco, mais la r\u00e9alit\u00e9 est que beaucoup d&rsquo;entre eux n&rsquo;ont pas accompagn\u00e9 les <em><strong>palos<\/strong><\/em> (diff\u00e9rents styles de flamenco) depuis leurs d\u00e9buts. <strong>La guitare<\/strong> est l&rsquo;instrument par excellence du flamenco. Mais \u00e0 l&rsquo;origine, le flamenco n&rsquo;\u00e9tait pas accompagn\u00e9 de musique, et le type de chant \u00e9tait connu sous le nom <em><strong>de palo seco.<\/strong><\/em><\/p>\n<p>La date exacte \u00e0 laquelle la <strong>guitare a \u00e9t\u00e9 incorpor\u00e9e au flamenco<\/strong> est tr\u00e8s <strong>controvers\u00e9e<\/strong>. Certains experts estiment que c&rsquo;est au <strong>d\u00e9but du 19\u00e8me si\u00e8cle<\/strong>. D&rsquo;autres soutiennent que c&rsquo;\u00e9tait en <strong>1850<\/strong> avec \u00ab\u00a0El Murciano\u00a0\u00bb \u00e0 Grenade, ce guitariste est la premi\u00e8re r\u00e9f\u00e9rence que nous pouvons documenter.<\/p>","protected":false},"excerpt":{"rendered":"Nous associons inconsciemment ces instruments \u00e0 l&rsquo;art du flamenco, mais la r\u00e9alit\u00e9 est que beaucoup d&rsquo;entre eux n&rsquo;ont pas accompagn\u00e9 les palos (diff\u00e9rents styles de flamenco) depuis leurs d\u00e9buts. La guitare est l&rsquo;instrument par excellence du flamenco. Mais \u00e0 l&rsquo;origine, le flamenco n&rsquo;\u00e9tait pas accompagn\u00e9 de musique, et le type de chant \u00e9tait connu sous&#8230;","protected":false},"author":1,"featured_media":392,"parent":152,"menu_order":1,"comment_status":"closed","ping_status":"closed","template":"templates\/instruments.php","meta":{"_acf_changed":false,"footnotes":""},"class_list":["post-243","page","type-page","status-publish","has-post-thumbnail","hentry"],"acf":[],"yoast_head":"<!-- This site is optimized with the Yoast SEO plugin v27.4 - https:\/\/yoast.com\/product\/yoast-seo-wordpress\/ -->\n<title>Guitares et magasins de guitares - Flamenco Madrid<\/title>\n<meta name=\"robots\" content=\"index, follow, max-snippet:-1, max-image-preview:large, max-video-preview:-1\" \/>\n<link rel=\"canonical\" href=\"\/\" \/>\n<meta property=\"og:locale\" content=\"fr_FR\" \/>\n<meta property=\"og:type\" content=\"article\" \/>\n<meta property=\"og:title\" content=\"Guitares et magasins de guitares - Flamenco Madrid\" \/>\n<meta property=\"og:description\" content=\"Nous associons inconsciemment ces instruments \u00e0 l&rsquo;art du flamenco, mais la r\u00e9alit\u00e9 est que beaucoup d&rsquo;entre eux n&rsquo;ont pas accompagn\u00e9 les palos (diff\u00e9rents styles de flamenco) depuis leurs d\u00e9buts. La guitare est l&rsquo;instrument par excellence du flamenco. Mais \u00e0 l&rsquo;origine, le flamenco n&rsquo;\u00e9tait pas accompagn\u00e9 de musique, et le type de chant \u00e9tait connu sous...\" \/>\n<meta property=\"og:url\" content=\"https:\/\/flamencomadrid.com\/fr\/instrumentos-para-el-flamenco\/guitarras-y-guitarrerias\/\" \/>\n<meta property=\"og:site_name\" content=\"Flamenco Madrid\" \/>\n<meta property=\"article:modified_time\" content=\"2024-01-23T11:59:20+00:00\" \/>\n<meta property=\"og:image\" content=\"https:\/\/flamencomadrid.com\/wp-content\/uploads\/2022\/05\/instrumentos-para-el-flamenco-03.jpg\" \/>\n\t<meta property=\"og:image:width\" content=\"700\" \/>\n\t<meta property=\"og:image:height\" content=\"400\" \/>\n\t<meta property=\"og:image:type\" content=\"image\/jpeg\" \/>\n<meta name=\"twitter:card\" content=\"summary_large_image\" \/>\n<meta name=\"twitter:label1\" content=\"Dur\u00e9e de lecture estim\u00e9e\" \/>\n\t<meta name=\"twitter:data1\" content=\"2 minutes\" \/>\n<script type=\"application\/ld+json\" class=\"yoast-schema-graph\">{\"@context\":\"https:\\\/\\\/schema.org\",\"@graph\":[{\"@type\":\"WebPage\",\"@id\":\"https:\\\/\\\/flamencomadrid.com\\\/fr\\\/instrumentos-para-el-flamenco\\\/guitarras-y-guitarrerias\\\/\",\"url\":\"https:\\\/\\\/flamencomadrid.com\\\/fr\\\/instrumentos-para-el-flamenco\\\/guitarras-y-guitarrerias\\\/\",\"name\":\"Guitares et magasins de guitares - Flamenco Madrid\",\"isPartOf\":{\"@id\":\"https:\\\/\\\/flamencomadrid.com\\\/fr\\\/#website\"},\"primaryImageOfPage\":{\"@id\":\"https:\\\/\\\/flamencomadrid.com\\\/fr\\\/instrumentos-para-el-flamenco\\\/guitarras-y-guitarrerias\\\/#primaryimage\"},\"image\":{\"@id\":\"https:\\\/\\\/flamencomadrid.com\\\/es\\\/instrumentos-para-el-flamenco\\\/guitarras-y-guitarrerias\\\/#primaryimage\"},\"thumbnailUrl\":\"https:\\\/\\\/flamencomadrid.com\\\/wp-content\\\/uploads\\\/2022\\\/05\\\/instrumentos-para-el-flamenco-03.jpg\",\"datePublished\":\"2022-05-02T10:16:37+00:00\",\"dateModified\":\"2024-01-23T11:59:20+00:00\",\"breadcrumb\":{\"@id\":\"https:\\\/\\\/flamencomadrid.com\\\/fr\\\/instrumentos-para-el-flamenco\\\/guitarras-y-guitarrerias\\\/#breadcrumb\"},\"inLanguage\":\"fr-FR\",\"potentialAction\":[{\"@type\":\"ReadAction\",\"target\":[[\"https:\\\/\\\/flamencomadrid.com\\\/fr\\\/instrumentos-para-el-flamenco\\\/guitarras-y-guitarrerias\\\/\"]]}]},{\"@type\":\"ImageObject\",\"inLanguage\":\"fr-FR\",\"@id\":\"https:\\\/\\\/flamencomadrid.com\\\/fr\\\/instrumentos-para-el-flamenco\\\/guitarras-y-guitarrerias\\\/#primaryimage\",\"url\":\"https:\\\/\\\/flamencomadrid.com\\\/wp-content\\\/uploads\\\/2022\\\/05\\\/instrumentos-para-el-flamenco-03.jpg\",\"contentUrl\":\"https:\\\/\\\/flamencomadrid.com\\\/wp-content\\\/uploads\\\/2022\\\/05\\\/instrumentos-para-el-flamenco-03.jpg\",\"width\":700,\"height\":400},{\"@type\":\"BreadcrumbList\",\"@id\":\"https:\\\/\\\/flamencomadrid.com\\\/fr\\\/instrumentos-para-el-flamenco\\\/guitarras-y-guitarrerias\\\/#breadcrumb\",\"itemListElement\":[{\"@type\":\"ListItem\",\"position\":1,\"name\":\"Home\",\"item\":\"https:\\\/\\\/flamencomadrid.com\\\/fr\\\/\"},{\"@type\":\"ListItem\",\"position\":2,\"name\":\"Instrumentos para el Flamenco\",\"item\":\"https:\\\/\\\/flamencomadrid.com\\\/fr\\\/instrumentos-para-el-flamenco\\\/\"},{\"@type\":\"ListItem\",\"position\":3,\"name\":\"Guitarras y guitarrer\u00edas\"}]},{\"@type\":\"WebSite\",\"@id\":\"https:\\\/\\\/flamencomadrid.com\\\/fr\\\/#website\",\"url\":\"https:\\\/\\\/flamencomadrid.com\\\/fr\\\/\",\"name\":\"Flamenco Madrid\",\"description\":\"Otro sitio realizado con WordPress\",\"potentialAction\":[{\"@type\":\"SearchAction\",\"target\":{\"@type\":\"EntryPoint\",\"urlTemplate\":\"https:\\\/\\\/flamencomadrid.com\\\/fr\\\/?s={search_term_string}\"},\"query-input\":{\"@type\":\"PropertyValueSpecification\",\"valueRequired\":true,\"valueName\":\"search_term_string\"}}],\"inLanguage\":\"fr-FR\"}]}<\/script>\n<!-- \/ Yoast SEO plugin. -->","yoast_head_json":{"title":"Guitares et magasins de guitares - Flamenco Madrid","robots":{"index":"index","follow":"follow","max-snippet":"max-snippet:-1","max-image-preview":"max-image-preview:large","max-video-preview":"max-video-preview:-1"},"canonical":"\/","og_locale":"fr_FR","og_type":"article","og_title":"Guitares et magasins de guitares - Flamenco Madrid","og_description":"Nous associons inconsciemment ces instruments \u00e0 l&rsquo;art du flamenco, mais la r\u00e9alit\u00e9 est que beaucoup d&rsquo;entre eux n&rsquo;ont pas accompagn\u00e9 les palos (diff\u00e9rents styles de flamenco) depuis leurs d\u00e9buts. La guitare est l&rsquo;instrument par excellence du flamenco. Mais \u00e0 l&rsquo;origine, le flamenco n&rsquo;\u00e9tait pas accompagn\u00e9 de musique, et le type de chant \u00e9tait connu sous...","og_url":"https:\/\/flamencomadrid.com\/fr\/instrumentos-para-el-flamenco\/guitarras-y-guitarrerias\/","og_site_name":"Flamenco Madrid","article_modified_time":"2024-01-23T11:59:20+00:00","og_image":[{"width":700,"height":400,"url":"https:\/\/flamencomadrid.com\/wp-content\/uploads\/2022\/05\/instrumentos-para-el-flamenco-03.jpg","type":"image\/jpeg"}],"twitter_card":"summary_large_image","twitter_misc":{"Dur\u00e9e de lecture estim\u00e9e":"2 minutes"},"schema":{"@context":"https:\/\/schema.org","@graph":[{"@type":"WebPage","@id":"https:\/\/flamencomadrid.com\/fr\/instrumentos-para-el-flamenco\/guitarras-y-guitarrerias\/","url":"https:\/\/flamencomadrid.com\/fr\/instrumentos-para-el-flamenco\/guitarras-y-guitarrerias\/","name":"Guitares et magasins de guitares - Flamenco Madrid","isPartOf":{"@id":"https:\/\/flamencomadrid.com\/fr\/#website"},"primaryImageOfPage":{"@id":"https:\/\/flamencomadrid.com\/fr\/instrumentos-para-el-flamenco\/guitarras-y-guitarrerias\/#primaryimage"},"image":{"@id":"https:\/\/flamencomadrid.com\/es\/instrumentos-para-el-flamenco\/guitarras-y-guitarrerias\/#primaryimage"},"thumbnailUrl":"https:\/\/flamencomadrid.com\/wp-content\/uploads\/2022\/05\/instrumentos-para-el-flamenco-03.jpg","datePublished":"2022-05-02T10:16:37+00:00","dateModified":"2024-01-23T11:59:20+00:00","breadcrumb":{"@id":"https:\/\/flamencomadrid.com\/fr\/instrumentos-para-el-flamenco\/guitarras-y-guitarrerias\/#breadcrumb"},"inLanguage":"fr-FR","potentialAction":[{"@type":"ReadAction","target":[["https:\/\/flamencomadrid.com\/fr\/instrumentos-para-el-flamenco\/guitarras-y-guitarrerias\/"]]}]},{"@type":"ImageObject","inLanguage":"fr-FR","@id":"https:\/\/flamencomadrid.com\/fr\/instrumentos-para-el-flamenco\/guitarras-y-guitarrerias\/#primaryimage","url":"https:\/\/flamencomadrid.com\/wp-content\/uploads\/2022\/05\/instrumentos-para-el-flamenco-03.jpg","contentUrl":"https:\/\/flamencomadrid.com\/wp-content\/uploads\/2022\/05\/instrumentos-para-el-flamenco-03.jpg","width":700,"height":400},{"@type":"BreadcrumbList","@id":"https:\/\/flamencomadrid.com\/fr\/instrumentos-para-el-flamenco\/guitarras-y-guitarrerias\/#breadcrumb","itemListElement":[{"@type":"ListItem","position":1,"name":"Home","item":"https:\/\/flamencomadrid.com\/fr\/"},{"@type":"ListItem","position":2,"name":"Instrumentos para el Flamenco","item":"https:\/\/flamencomadrid.com\/fr\/instrumentos-para-el-flamenco\/"},{"@type":"ListItem","position":3,"name":"Guitarras y guitarrer\u00edas"}]},{"@type":"WebSite","@id":"https:\/\/flamencomadrid.com\/fr\/#website","url":"https:\/\/flamencomadrid.com\/fr\/","name":"Flamenco Madrid","description":"Otro sitio realizado con WordPress","potentialAction":[{"@type":"SearchAction","target":{"@type":"EntryPoint","urlTemplate":"https:\/\/flamencomadrid.com\/fr\/?s={search_term_string}"},"query-input":{"@type":"PropertyValueSpecification","valueRequired":true,"valueName":"search_term_string"}}],"inLanguage":"fr-FR"}]}},"_links":{"self":[{"href":"https:\/\/flamencomadrid.com\/fr\/wp-json\/wp\/v2\/pages\/243","targetHints":{"allow":["GET"]}}],"collection":[{"href":"https:\/\/flamencomadrid.com\/fr\/wp-json\/wp\/v2\/pages"}],"about":[{"href":"https:\/\/flamencomadrid.com\/fr\/wp-json\/wp\/v2\/types\/page"}],"author":[{"embeddable":true,"href":"https:\/\/flamencomadrid.com\/fr\/wp-json\/wp\/v2\/users\/1"}],"replies":[{"embeddable":true,"href":"https:\/\/flamencomadrid.com\/fr\/wp-json\/wp\/v2\/comments?post=243"}],"version-history":[{"count":7,"href":"https:\/\/flamencomadrid.com\/fr\/wp-json\/wp\/v2\/pages\/243\/revisions"}],"predecessor-version":[{"id":1002,"href":"https:\/\/flamencomadrid.com\/fr\/wp-json\/wp\/v2\/pages\/243\/revisions\/1002"}],"up":[{"embeddable":true,"href":"https:\/\/flamencomadrid.com\/fr\/wp-json\/wp\/v2\/pages\/152"}],"wp:featuredmedia":[{"embeddable":true,"href":"https:\/\/flamencomadrid.com\/fr\/wp-json\/wp\/v2\/media\/392"}],"wp:attachment":[{"href":"https:\/\/flamencomadrid.com\/fr\/wp-json\/wp\/v2\/media?parent=243"}],"curies":[{"name":"wp","href":"https:\/\/api.w.org\/{rel}","templated":true}]}}