{"id":7,"date":"2022-04-28T10:51:13","date_gmt":"2022-04-28T10:51:13","guid":{"rendered":"http:\/\/fm.fullcircle.es\/?page_id=7"},"modified":"2025-12-02T10:46:36","modified_gmt":"2025-12-02T09:46:36","slug":"los-mejores-6-espectaculos-flamencos-de-madrid","status":"publish","type":"page","link":"https:\/\/flamencomadrid.com\/es\/los-mejores-6-espectaculos-flamencos-de-madrid\/","title":{"rendered":"Los mejores 6 espect\u00e1culos Flamencos de Madrid"},"content":{"rendered":"<p><\/p>\n<h3>Encu\u00e9ntrate con la majestuosidad del flamenco y su contenci\u00f3n en los tablaos de la capital de Espa\u00f1a<\/h3>\n<p>Madrid es la <strong>ciudad flamenca por antonomasia<\/strong>, a lo largo de la historia ha servido como punto de encuentro entre los grandes guitarristas, cantaores y bailores de flamenco.<\/p>\n<p>En Madrid podemos encontrar espect\u00e1culos de flamenco en teatros, pe\u00f1as flamencas, salas de concierto, etc&#8230; Nosotros <strong>te recomendamos disfrutar de un espect\u00e1culo flamenco en un Tablao<\/strong>. Es en estos peque\u00f1os rinconcitos con duende donde se encuentra el verdadero oficio del flamenco.<\/p>","protected":false},"excerpt":{"rendered":"Encu\u00e9ntrate con la majestuosidad del flamenco y su contenci\u00f3n en los tablaos de la capital de Espa\u00f1a Madrid es la ciudad flamenca por antonomasia, a lo largo de la historia ha servido como punto de encuentro entre los grandes guitarristas, cantaores y bailores de flamenco. En Madrid podemos encontrar espect\u00e1culos de flamenco en teatros, pe\u00f1as&#8230;","protected":false},"author":1,"featured_media":383,"parent":0,"menu_order":1,"comment_status":"closed","ping_status":"closed","template":"templates\/shows.php","meta":{"_acf_changed":false,"footnotes":""},"class_list":["post-7","page","type-page","status-publish","has-post-thumbnail","hentry"],"acf":[],"yoast_head":"<!-- This site is optimized with the Yoast SEO plugin v27.4 - https:\/\/yoast.com\/product\/yoast-seo-wordpress\/ -->\n<title>Los mejores 6 espect\u00e1culos Flamencos de Madrid - Flamenco Madrid<\/title>\n<meta name=\"robots\" content=\"index, follow, max-snippet:-1, max-image-preview:large, max-video-preview:-1\" \/>\n<link rel=\"canonical\" href=\"\/\" \/>\n<meta property=\"og:locale\" content=\"es_ES\" \/>\n<meta property=\"og:type\" content=\"article\" \/>\n<meta property=\"og:title\" content=\"Los mejores 6 espect\u00e1culos Flamencos de Madrid - Flamenco Madrid\" \/>\n<meta property=\"og:description\" content=\"Encu\u00e9ntrate con la majestuosidad del flamenco y su contenci\u00f3n en los tablaos de la capital de Espa\u00f1a Madrid es la ciudad flamenca por antonomasia, a lo largo de la historia ha servido como punto de encuentro entre los grandes guitarristas, cantaores y bailores de flamenco. En Madrid podemos encontrar espect\u00e1culos de flamenco en teatros, pe\u00f1as...\" \/>\n<meta property=\"og:url\" content=\"https:\/\/flamencomadrid.com\/es\/los-mejores-6-espectaculos-flamencos-de-madrid\/\" \/>\n<meta property=\"og:site_name\" content=\"Flamenco Madrid\" \/>\n<meta property=\"article:modified_time\" content=\"2025-12-02T09:46:36+00:00\" \/>\n<meta property=\"og:image\" content=\"https:\/\/flamencomadrid.com\/wp-content\/uploads\/2022\/05\/los-mejores-6-espectaculos-flamencos-de-madrid.png\" \/>\n\t<meta property=\"og:image:width\" content=\"700\" \/>\n\t<meta property=\"og:image:height\" content=\"400\" \/>\n\t<meta property=\"og:image:type\" content=\"image\/png\" \/>\n<meta name=\"twitter:card\" content=\"summary_large_image\" \/>\n<meta name=\"twitter:label1\" content=\"Tiempo de lectura\" \/>\n\t<meta name=\"twitter:data1\" content=\"1 minuto\" \/>\n<script type=\"application\/ld+json\" class=\"yoast-schema-graph\">{\"@context\":\"https:\\\/\\\/schema.org\",\"@graph\":[{\"@type\":\"WebPage\",\"@id\":\"https:\\\/\\\/flamencomadrid.com\\\/es\\\/los-mejores-6-espectaculos-flamencos-de-madrid\\\/\",\"url\":\"https:\\\/\\\/flamencomadrid.com\\\/es\\\/los-mejores-6-espectaculos-flamencos-de-madrid\\\/\",\"name\":\"Los mejores 6 espect\u00e1culos Flamencos de Madrid - Flamenco Madrid\",\"isPartOf\":{\"@id\":\"https:\\\/\\\/flamencomadrid.com\\\/es\\\/#website\"},\"primaryImageOfPage\":{\"@id\":\"https:\\\/\\\/flamencomadrid.com\\\/es\\\/los-mejores-6-espectaculos-flamencos-de-madrid\\\/#primaryimage\"},\"image\":{\"@id\":\"https:\\\/\\\/flamencomadrid.com\\\/es\\\/los-mejores-6-espectaculos-flamencos-de-madrid\\\/#primaryimage\"},\"thumbnailUrl\":\"https:\\\/\\\/flamencomadrid.com\\\/wp-content\\\/uploads\\\/2022\\\/05\\\/los-mejores-6-espectaculos-flamencos-de-madrid.png\",\"datePublished\":\"2022-04-28T10:51:13+00:00\",\"dateModified\":\"2025-12-02T09:46:36+00:00\",\"breadcrumb\":{\"@id\":\"https:\\\/\\\/flamencomadrid.com\\\/es\\\/los-mejores-6-espectaculos-flamencos-de-madrid\\\/#breadcrumb\"},\"inLanguage\":\"es\",\"potentialAction\":[{\"@type\":\"ReadAction\",\"target\":[[\"https:\\\/\\\/flamencomadrid.com\\\/es\\\/los-mejores-6-espectaculos-flamencos-de-madrid\\\/\"]]}]},{\"@type\":\"ImageObject\",\"inLanguage\":\"es\",\"@id\":\"https:\\\/\\\/flamencomadrid.com\\\/es\\\/los-mejores-6-espectaculos-flamencos-de-madrid\\\/#primaryimage\",\"url\":\"https:\\\/\\\/flamencomadrid.com\\\/wp-content\\\/uploads\\\/2022\\\/05\\\/los-mejores-6-espectaculos-flamencos-de-madrid.png\",\"contentUrl\":\"https:\\\/\\\/flamencomadrid.com\\\/wp-content\\\/uploads\\\/2022\\\/05\\\/los-mejores-6-espectaculos-flamencos-de-madrid.png\",\"width\":700,\"height\":400},{\"@type\":\"BreadcrumbList\",\"@id\":\"https:\\\/\\\/flamencomadrid.com\\\/es\\\/los-mejores-6-espectaculos-flamencos-de-madrid\\\/#breadcrumb\",\"itemListElement\":[{\"@type\":\"ListItem\",\"position\":1,\"name\":\"Home\",\"item\":\"https:\\\/\\\/flamencomadrid.com\\\/es\\\/\"},{\"@type\":\"ListItem\",\"position\":2,\"name\":\"Los mejores 6 espect\u00e1culos Flamencos de Madrid\"}]},{\"@type\":\"WebSite\",\"@id\":\"https:\\\/\\\/flamencomadrid.com\\\/es\\\/#website\",\"url\":\"https:\\\/\\\/flamencomadrid.com\\\/es\\\/\",\"name\":\"Flamenco Madrid\",\"description\":\"Otro sitio realizado con WordPress\",\"potentialAction\":[{\"@type\":\"SearchAction\",\"target\":{\"@type\":\"EntryPoint\",\"urlTemplate\":\"https:\\\/\\\/flamencomadrid.com\\\/es\\\/?s={search_term_string}\"},\"query-input\":{\"@type\":\"PropertyValueSpecification\",\"valueRequired\":true,\"valueName\":\"search_term_string\"}}],\"inLanguage\":\"es\"}]}<\/script>\n<!-- \/ Yoast SEO plugin. -->","yoast_head_json":{"title":"Los mejores 6 espect\u00e1culos Flamencos de Madrid - Flamenco Madrid","robots":{"index":"index","follow":"follow","max-snippet":"max-snippet:-1","max-image-preview":"max-image-preview:large","max-video-preview":"max-video-preview:-1"},"canonical":"\/","og_locale":"es_ES","og_type":"article","og_title":"Los mejores 6 espect\u00e1culos Flamencos de Madrid - Flamenco Madrid","og_description":"Encu\u00e9ntrate con la majestuosidad del flamenco y su contenci\u00f3n en los tablaos de la capital de Espa\u00f1a Madrid es la ciudad flamenca por antonomasia, a lo largo de la historia ha servido como punto de encuentro entre los grandes guitarristas, cantaores y bailores de flamenco. En Madrid podemos encontrar espect\u00e1culos de flamenco en teatros, pe\u00f1as...","og_url":"https:\/\/flamencomadrid.com\/es\/los-mejores-6-espectaculos-flamencos-de-madrid\/","og_site_name":"Flamenco Madrid","article_modified_time":"2025-12-02T09:46:36+00:00","og_image":[{"width":700,"height":400,"url":"https:\/\/flamencomadrid.com\/wp-content\/uploads\/2022\/05\/los-mejores-6-espectaculos-flamencos-de-madrid.png","type":"image\/png"}],"twitter_card":"summary_large_image","twitter_misc":{"Tiempo de lectura":"1 minuto"},"schema":{"@context":"https:\/\/schema.org","@graph":[{"@type":"WebPage","@id":"https:\/\/flamencomadrid.com\/es\/los-mejores-6-espectaculos-flamencos-de-madrid\/","url":"https:\/\/flamencomadrid.com\/es\/los-mejores-6-espectaculos-flamencos-de-madrid\/","name":"Los mejores 6 espect\u00e1culos Flamencos de Madrid - Flamenco Madrid","isPartOf":{"@id":"https:\/\/flamencomadrid.com\/es\/#website"},"primaryImageOfPage":{"@id":"https:\/\/flamencomadrid.com\/es\/los-mejores-6-espectaculos-flamencos-de-madrid\/#primaryimage"},"image":{"@id":"https:\/\/flamencomadrid.com\/es\/los-mejores-6-espectaculos-flamencos-de-madrid\/#primaryimage"},"thumbnailUrl":"https:\/\/flamencomadrid.com\/wp-content\/uploads\/2022\/05\/los-mejores-6-espectaculos-flamencos-de-madrid.png","datePublished":"2022-04-28T10:51:13+00:00","dateModified":"2025-12-02T09:46:36+00:00","breadcrumb":{"@id":"https:\/\/flamencomadrid.com\/es\/los-mejores-6-espectaculos-flamencos-de-madrid\/#breadcrumb"},"inLanguage":"es","potentialAction":[{"@type":"ReadAction","target":[["https:\/\/flamencomadrid.com\/es\/los-mejores-6-espectaculos-flamencos-de-madrid\/"]]}]},{"@type":"ImageObject","inLanguage":"es","@id":"https:\/\/flamencomadrid.com\/es\/los-mejores-6-espectaculos-flamencos-de-madrid\/#primaryimage","url":"https:\/\/flamencomadrid.com\/wp-content\/uploads\/2022\/05\/los-mejores-6-espectaculos-flamencos-de-madrid.png","contentUrl":"https:\/\/flamencomadrid.com\/wp-content\/uploads\/2022\/05\/los-mejores-6-espectaculos-flamencos-de-madrid.png","width":700,"height":400},{"@type":"BreadcrumbList","@id":"https:\/\/flamencomadrid.com\/es\/los-mejores-6-espectaculos-flamencos-de-madrid\/#breadcrumb","itemListElement":[{"@type":"ListItem","position":1,"name":"Home","item":"https:\/\/flamencomadrid.com\/es\/"},{"@type":"ListItem","position":2,"name":"Los mejores 6 espect\u00e1culos Flamencos de Madrid"}]},{"@type":"WebSite","@id":"https:\/\/flamencomadrid.com\/es\/#website","url":"https:\/\/flamencomadrid.com\/es\/","name":"Flamenco Madrid","description":"Otro sitio realizado con WordPress","potentialAction":[{"@type":"SearchAction","target":{"@type":"EntryPoint","urlTemplate":"https:\/\/flamencomadrid.com\/es\/?s={search_term_string}"},"query-input":{"@type":"PropertyValueSpecification","valueRequired":true,"valueName":"search_term_string"}}],"inLanguage":"es"}]}},"_links":{"self":[{"href":"https:\/\/flamencomadrid.com\/es\/wp-json\/wp\/v2\/pages\/7","targetHints":{"allow":["GET"]}}],"collection":[{"href":"https:\/\/flamencomadrid.com\/es\/wp-json\/wp\/v2\/pages"}],"about":[{"href":"https:\/\/flamencomadrid.com\/es\/wp-json\/wp\/v2\/types\/page"}],"author":[{"embeddable":true,"href":"https:\/\/flamencomadrid.com\/es\/wp-json\/wp\/v2\/users\/1"}],"replies":[{"embeddable":true,"href":"https:\/\/flamencomadrid.com\/es\/wp-json\/wp\/v2\/comments?post=7"}],"version-history":[{"count":19,"href":"https:\/\/flamencomadrid.com\/es\/wp-json\/wp\/v2\/pages\/7\/revisions"}],"predecessor-version":[{"id":1335,"href":"https:\/\/flamencomadrid.com\/es\/wp-json\/wp\/v2\/pages\/7\/revisions\/1335"}],"wp:featuredmedia":[{"embeddable":true,"href":"https:\/\/flamencomadrid.com\/es\/wp-json\/wp\/v2\/media\/383"}],"wp:attachment":[{"href":"https:\/\/flamencomadrid.com\/es\/wp-json\/wp\/v2\/media?parent=7"}],"curies":[{"name":"wp","href":"https:\/\/api.w.org\/{rel}","templated":true}]}}