{"id":248,"date":"2022-05-02T10:23:37","date_gmt":"2022-05-02T10:23:37","guid":{"rendered":"http:\/\/fm.fullcircle.es\/?page_id=248"},"modified":"2024-01-23T12:54:48","modified_gmt":"2024-01-23T11:54:48","slug":"castanuelas","status":"publish","type":"page","link":"https:\/\/flamencomadrid.com\/es\/instrumentos-para-el-flamenco\/castanuelas\/","title":{"rendered":"Casta\u00f1uelas"},"content":{"rendered":"<p><\/p>\n<h2>El arte de tocar las casta\u00f1uelas<\/h2>\n<p>Todos reconocemos el soniquete que crea este instrumento tan caracter\u00edstico. Pero pocos de nosotros somos conocedores de su curioso origen.<\/p>\n<p>Las casta\u00f1uelas, tambi\u00e9n conocidas como <strong><em>palillos<\/em><\/strong>, nacen con los\u00a0<strong>fenicios. <\/strong>Esta cultura, que m\u00e1s tarde se asentar\u00eda en Andaluc\u00eda, nombraron a este instrumento como\u00a0<strong>cr\u00f3tolas. <\/strong>Se trataban de\u00a0<strong>creaciones artesanales<\/strong>\u00a0realizadas a partir de cualquier tipo de madera, que se utilizaban para\u00a0<strong>festejar.<\/strong><\/p>","protected":false},"excerpt":{"rendered":"El arte de tocar las casta\u00f1uelas Todos reconocemos el soniquete que crea este instrumento tan caracter\u00edstico. Pero pocos de nosotros somos conocedores de su curioso origen. Las casta\u00f1uelas, tambi\u00e9n conocidas como palillos, nacen con los\u00a0fenicios. Esta cultura, que m\u00e1s tarde se asentar\u00eda en Andaluc\u00eda, nombraron a este instrumento como\u00a0cr\u00f3tolas. Se trataban de\u00a0creaciones artesanales\u00a0realizadas a partir&#8230;","protected":false},"author":1,"featured_media":392,"parent":152,"menu_order":3,"comment_status":"closed","ping_status":"closed","template":"templates\/instruments.php","meta":{"_acf_changed":false,"footnotes":""},"class_list":["post-248","page","type-page","status-publish","has-post-thumbnail","hentry"],"acf":[],"yoast_head":"<!-- This site is optimized with the Yoast SEO plugin v27.4 - https:\/\/yoast.com\/product\/yoast-seo-wordpress\/ -->\n<title>Casta\u00f1uelas - Flamenco Madrid<\/title>\n<meta name=\"robots\" content=\"index, follow, max-snippet:-1, max-image-preview:large, max-video-preview:-1\" \/>\n<link rel=\"canonical\" href=\"\/\" \/>\n<meta property=\"og:locale\" content=\"es_ES\" \/>\n<meta property=\"og:type\" content=\"article\" \/>\n<meta property=\"og:title\" content=\"Casta\u00f1uelas - Flamenco Madrid\" \/>\n<meta property=\"og:description\" content=\"El arte de tocar las casta\u00f1uelas Todos reconocemos el soniquete que crea este instrumento tan caracter\u00edstico. Pero pocos de nosotros somos conocedores de su curioso origen. Las casta\u00f1uelas, tambi\u00e9n conocidas como palillos, nacen con los\u00a0fenicios. Esta cultura, que m\u00e1s tarde se asentar\u00eda en Andaluc\u00eda, nombraron a este instrumento como\u00a0cr\u00f3tolas. Se trataban de\u00a0creaciones artesanales\u00a0realizadas a partir...\" \/>\n<meta property=\"og:url\" content=\"https:\/\/flamencomadrid.com\/es\/instrumentos-para-el-flamenco\/castanuelas\/\" \/>\n<meta property=\"og:site_name\" content=\"Flamenco Madrid\" \/>\n<meta property=\"article:modified_time\" content=\"2024-01-23T11:54:48+00:00\" \/>\n<meta property=\"og:image\" content=\"https:\/\/flamencomadrid.com\/wp-content\/uploads\/2022\/05\/instrumentos-para-el-flamenco-03.jpg\" \/>\n\t<meta property=\"og:image:width\" content=\"700\" \/>\n\t<meta property=\"og:image:height\" content=\"400\" \/>\n\t<meta property=\"og:image:type\" content=\"image\/jpeg\" \/>\n<meta name=\"twitter:card\" content=\"summary_large_image\" \/>\n<meta name=\"twitter:label1\" content=\"Tiempo de lectura\" \/>\n\t<meta name=\"twitter:data1\" content=\"2 minutos\" \/>\n<script type=\"application\/ld+json\" class=\"yoast-schema-graph\">{\"@context\":\"https:\\\/\\\/schema.org\",\"@graph\":[{\"@type\":\"WebPage\",\"@id\":\"https:\\\/\\\/flamencomadrid.com\\\/es\\\/instrumentos-para-el-flamenco\\\/castanuelas\\\/\",\"url\":\"https:\\\/\\\/flamencomadrid.com\\\/es\\\/instrumentos-para-el-flamenco\\\/castanuelas\\\/\",\"name\":\"Casta\u00f1uelas - Flamenco Madrid\",\"isPartOf\":{\"@id\":\"https:\\\/\\\/flamencomadrid.com\\\/es\\\/#website\"},\"primaryImageOfPage\":{\"@id\":\"https:\\\/\\\/flamencomadrid.com\\\/es\\\/instrumentos-para-el-flamenco\\\/castanuelas\\\/#primaryimage\"},\"image\":{\"@id\":\"https:\\\/\\\/flamencomadrid.com\\\/es\\\/instrumentos-para-el-flamenco\\\/castanuelas\\\/#primaryimage\"},\"thumbnailUrl\":\"https:\\\/\\\/flamencomadrid.com\\\/wp-content\\\/uploads\\\/2022\\\/05\\\/instrumentos-para-el-flamenco-03.jpg\",\"datePublished\":\"2022-05-02T10:23:37+00:00\",\"dateModified\":\"2024-01-23T11:54:48+00:00\",\"breadcrumb\":{\"@id\":\"https:\\\/\\\/flamencomadrid.com\\\/es\\\/instrumentos-para-el-flamenco\\\/castanuelas\\\/#breadcrumb\"},\"inLanguage\":\"es\",\"potentialAction\":[{\"@type\":\"ReadAction\",\"target\":[[\"https:\\\/\\\/flamencomadrid.com\\\/es\\\/instrumentos-para-el-flamenco\\\/castanuelas\\\/\"]]}]},{\"@type\":\"ImageObject\",\"inLanguage\":\"es\",\"@id\":\"https:\\\/\\\/flamencomadrid.com\\\/es\\\/instrumentos-para-el-flamenco\\\/castanuelas\\\/#primaryimage\",\"url\":\"https:\\\/\\\/flamencomadrid.com\\\/wp-content\\\/uploads\\\/2022\\\/05\\\/instrumentos-para-el-flamenco-03.jpg\",\"contentUrl\":\"https:\\\/\\\/flamencomadrid.com\\\/wp-content\\\/uploads\\\/2022\\\/05\\\/instrumentos-para-el-flamenco-03.jpg\",\"width\":700,\"height\":400},{\"@type\":\"BreadcrumbList\",\"@id\":\"https:\\\/\\\/flamencomadrid.com\\\/es\\\/instrumentos-para-el-flamenco\\\/castanuelas\\\/#breadcrumb\",\"itemListElement\":[{\"@type\":\"ListItem\",\"position\":1,\"name\":\"Home\",\"item\":\"https:\\\/\\\/flamencomadrid.com\\\/es\\\/\"},{\"@type\":\"ListItem\",\"position\":2,\"name\":\"Instrumentos para el Flamenco\",\"item\":\"https:\\\/\\\/flamencomadrid.com\\\/es\\\/instrumentos-para-el-flamenco\\\/\"},{\"@type\":\"ListItem\",\"position\":3,\"name\":\"Casta\u00f1uelas\"}]},{\"@type\":\"WebSite\",\"@id\":\"https:\\\/\\\/flamencomadrid.com\\\/es\\\/#website\",\"url\":\"https:\\\/\\\/flamencomadrid.com\\\/es\\\/\",\"name\":\"Flamenco Madrid\",\"description\":\"Otro sitio realizado con WordPress\",\"potentialAction\":[{\"@type\":\"SearchAction\",\"target\":{\"@type\":\"EntryPoint\",\"urlTemplate\":\"https:\\\/\\\/flamencomadrid.com\\\/es\\\/?s={search_term_string}\"},\"query-input\":{\"@type\":\"PropertyValueSpecification\",\"valueRequired\":true,\"valueName\":\"search_term_string\"}}],\"inLanguage\":\"es\"}]}<\/script>\n<!-- \/ Yoast SEO plugin. -->","yoast_head_json":{"title":"Casta\u00f1uelas - Flamenco Madrid","robots":{"index":"index","follow":"follow","max-snippet":"max-snippet:-1","max-image-preview":"max-image-preview:large","max-video-preview":"max-video-preview:-1"},"canonical":"\/","og_locale":"es_ES","og_type":"article","og_title":"Casta\u00f1uelas - Flamenco Madrid","og_description":"El arte de tocar las casta\u00f1uelas Todos reconocemos el soniquete que crea este instrumento tan caracter\u00edstico. Pero pocos de nosotros somos conocedores de su curioso origen. Las casta\u00f1uelas, tambi\u00e9n conocidas como palillos, nacen con los\u00a0fenicios. Esta cultura, que m\u00e1s tarde se asentar\u00eda en Andaluc\u00eda, nombraron a este instrumento como\u00a0cr\u00f3tolas. Se trataban de\u00a0creaciones artesanales\u00a0realizadas a partir...","og_url":"https:\/\/flamencomadrid.com\/es\/instrumentos-para-el-flamenco\/castanuelas\/","og_site_name":"Flamenco Madrid","article_modified_time":"2024-01-23T11:54:48+00:00","og_image":[{"width":700,"height":400,"url":"https:\/\/flamencomadrid.com\/wp-content\/uploads\/2022\/05\/instrumentos-para-el-flamenco-03.jpg","type":"image\/jpeg"}],"twitter_card":"summary_large_image","twitter_misc":{"Tiempo de lectura":"2 minutos"},"schema":{"@context":"https:\/\/schema.org","@graph":[{"@type":"WebPage","@id":"https:\/\/flamencomadrid.com\/es\/instrumentos-para-el-flamenco\/castanuelas\/","url":"https:\/\/flamencomadrid.com\/es\/instrumentos-para-el-flamenco\/castanuelas\/","name":"Casta\u00f1uelas - Flamenco Madrid","isPartOf":{"@id":"https:\/\/flamencomadrid.com\/es\/#website"},"primaryImageOfPage":{"@id":"https:\/\/flamencomadrid.com\/es\/instrumentos-para-el-flamenco\/castanuelas\/#primaryimage"},"image":{"@id":"https:\/\/flamencomadrid.com\/es\/instrumentos-para-el-flamenco\/castanuelas\/#primaryimage"},"thumbnailUrl":"https:\/\/flamencomadrid.com\/wp-content\/uploads\/2022\/05\/instrumentos-para-el-flamenco-03.jpg","datePublished":"2022-05-02T10:23:37+00:00","dateModified":"2024-01-23T11:54:48+00:00","breadcrumb":{"@id":"https:\/\/flamencomadrid.com\/es\/instrumentos-para-el-flamenco\/castanuelas\/#breadcrumb"},"inLanguage":"es","potentialAction":[{"@type":"ReadAction","target":[["https:\/\/flamencomadrid.com\/es\/instrumentos-para-el-flamenco\/castanuelas\/"]]}]},{"@type":"ImageObject","inLanguage":"es","@id":"https:\/\/flamencomadrid.com\/es\/instrumentos-para-el-flamenco\/castanuelas\/#primaryimage","url":"https:\/\/flamencomadrid.com\/wp-content\/uploads\/2022\/05\/instrumentos-para-el-flamenco-03.jpg","contentUrl":"https:\/\/flamencomadrid.com\/wp-content\/uploads\/2022\/05\/instrumentos-para-el-flamenco-03.jpg","width":700,"height":400},{"@type":"BreadcrumbList","@id":"https:\/\/flamencomadrid.com\/es\/instrumentos-para-el-flamenco\/castanuelas\/#breadcrumb","itemListElement":[{"@type":"ListItem","position":1,"name":"Home","item":"https:\/\/flamencomadrid.com\/es\/"},{"@type":"ListItem","position":2,"name":"Instrumentos para el Flamenco","item":"https:\/\/flamencomadrid.com\/es\/instrumentos-para-el-flamenco\/"},{"@type":"ListItem","position":3,"name":"Casta\u00f1uelas"}]},{"@type":"WebSite","@id":"https:\/\/flamencomadrid.com\/es\/#website","url":"https:\/\/flamencomadrid.com\/es\/","name":"Flamenco Madrid","description":"Otro sitio realizado con WordPress","potentialAction":[{"@type":"SearchAction","target":{"@type":"EntryPoint","urlTemplate":"https:\/\/flamencomadrid.com\/es\/?s={search_term_string}"},"query-input":{"@type":"PropertyValueSpecification","valueRequired":true,"valueName":"search_term_string"}}],"inLanguage":"es"}]}},"_links":{"self":[{"href":"https:\/\/flamencomadrid.com\/es\/wp-json\/wp\/v2\/pages\/248","targetHints":{"allow":["GET"]}}],"collection":[{"href":"https:\/\/flamencomadrid.com\/es\/wp-json\/wp\/v2\/pages"}],"about":[{"href":"https:\/\/flamencomadrid.com\/es\/wp-json\/wp\/v2\/types\/page"}],"author":[{"embeddable":true,"href":"https:\/\/flamencomadrid.com\/es\/wp-json\/wp\/v2\/users\/1"}],"replies":[{"embeddable":true,"href":"https:\/\/flamencomadrid.com\/es\/wp-json\/wp\/v2\/comments?post=248"}],"version-history":[{"count":7,"href":"https:\/\/flamencomadrid.com\/es\/wp-json\/wp\/v2\/pages\/248\/revisions"}],"predecessor-version":[{"id":1000,"href":"https:\/\/flamencomadrid.com\/es\/wp-json\/wp\/v2\/pages\/248\/revisions\/1000"}],"up":[{"embeddable":true,"href":"https:\/\/flamencomadrid.com\/es\/wp-json\/wp\/v2\/pages\/152"}],"wp:featuredmedia":[{"embeddable":true,"href":"https:\/\/flamencomadrid.com\/es\/wp-json\/wp\/v2\/media\/392"}],"wp:attachment":[{"href":"https:\/\/flamencomadrid.com\/es\/wp-json\/wp\/v2\/media?parent=248"}],"curies":[{"name":"wp","href":"https:\/\/api.w.org\/{rel}","templated":true}]}}