{"id":176,"date":"2022-04-30T12:03:40","date_gmt":"2022-04-30T12:03:40","guid":{"rendered":"http:\/\/fm.fullcircle.es\/?page_id=176"},"modified":"2023-01-05T08:55:08","modified_gmt":"2023-01-05T07:55:08","slug":"aviso-legal","status":"publish","type":"page","link":"https:\/\/flamencomadrid.com\/es\/aviso-legal\/","title":{"rendered":"Aviso legal"},"content":{"rendered":"<p><\/p>\n<h3>Uso y acceso<\/h3>\n<p>El uso y acceso a los contenidos que alberga la presente P\u00e1gina Web implica el conocimiento y aceptaci\u00f3n incondicional de las presentes condiciones que tienen como objetivo informar a los usuarios de los derechos, usos, prohibiciones, responsabilidades, y dem\u00e1s circunstancias, que rigen a la hora de navegar por la P\u00e1gina Web titularidad de \u00abVergers 31\u00bb SL -en adelante, Vergers 31.-<\/p>\n<p>La P\u00e1gina Web flamencomadrid.com alberga contenidos sujetos a derechos de propiedad intelectual e industrial. La utilizaci\u00f3n abusiva de aquellos fuera de los l\u00edmites establecidos en el presente clausulado pudiere causar responsabilidades.<\/p>\n<h3>Objeto<\/h3>\n<p>Las presentes condiciones regulan el acceso, navegaci\u00f3n y uso de la P\u00e1gina Web de\u00a0<a href=\"https:\/\/flamencomadrid.com\/es\/\">flamencomadrid.com<\/a>. Del mismo modo, se regulan las responsabilidades derivadas de la utilizaci\u00f3n de sus contenidos -textos, gr\u00e1ficos, dibujos, dise\u00f1os, fotograf\u00edas, software, c\u00f3digos, v\u00eddeos, m\u00fasica, bases de datos, im\u00e1genes, informaciones as\u00ed como cualquier otra creaci\u00f3n protegida por las leyes nacionales y tratados internacionales sobre propiedad intelectual e industrial.-<\/p>\n<p>Las condiciones que rigen los diferentes servicios disponibles en la P\u00e1gina Web\u00a0<a href=\"https:\/\/flamencomadrid.com\/es\/\">flamencomadrid.com<\/a>\u00a0est\u00e1n sujetas a la siguiente normativa, en la parte que le sea de aplicaci\u00f3n: Ley 34\/2002, de 11 de julio, de Servicios de la Sociedad de la Informaci\u00f3n y Comercio Electr\u00f3nico y normativa de desarrollo; as\u00ed como el Reglamento Europeo de Protecci\u00f3n de Datos 2016\/679 y normativa espa\u00f1ola aplicable en materia de protecci\u00f3n de datos, as\u00ed como toda aquella normativa que sea de aplicaci\u00f3n an\u00e1loga.<\/p>\n<h3>Titularidad<\/h3>\n<p>En cumplimiento con el art\u00edculo 10 de la Ley 34\/2002 de Servicios de la Sociedad de la Informaci\u00f3n y Comercio Electr\u00f3nico \u2013LSSICE- Vergers 31 SL. con CIF B87181905, inscrita en el Registro Mercantil de Madrid, T 32980 , F 118, S 8, H M 593648, I\/A 1 ( 5.01.15); con domicilio en calle Concepci\u00f3n Jer\u00f3nima 31, 28014 de Madrid (Espa\u00f1a), es la titular del dominio <a href=\"https:\/\/flamencomadrid.com\/es\/\">flamencomadrid.com<\/a>, facilit\u00e1ndole los siguientes medios de comunicaci\u00f3n y\/o contacto:<\/p>\n<p><strong>Vergers 31:<\/strong><br \/>\ncalle Concepci\u00f3n Jer\u00f3nima 31, 28014 de Madrid (Espa\u00f1a)<br \/>\nCorreo electr\u00f3nico:\u00a0<a href=\"mailto:info@flamencomadrid.com\">info@flamencomadrid.com<\/a><\/p>","protected":false},"excerpt":{"rendered":"Uso y acceso El uso y acceso a los contenidos que alberga la presente P\u00e1gina Web implica el conocimiento y aceptaci\u00f3n incondicional de las presentes condiciones que tienen como objetivo informar a los usuarios de los derechos, usos, prohibiciones, responsabilidades, y dem\u00e1s circunstancias, que rigen a la hora de navegar por la P\u00e1gina Web titularidad&#8230;","protected":false},"author":1,"featured_media":0,"parent":0,"menu_order":20,"comment_status":"closed","ping_status":"closed","template":"","meta":{"_acf_changed":false,"footnotes":""},"class_list":["post-176","page","type-page","status-publish","hentry"],"acf":[],"yoast_head":"<!-- This site is optimized with the Yoast SEO plugin v26.3 - https:\/\/yoast.com\/wordpress\/plugins\/seo\/ -->\n<title>Aviso legal - Flamenco Madrid<\/title>\n<meta name=\"robots\" content=\"index, follow, max-snippet:-1, max-image-preview:large, max-video-preview:-1\" \/>\n<link rel=\"canonical\" href=\"\/\" \/>\n<meta property=\"og:locale\" content=\"es_ES\" \/>\n<meta property=\"og:type\" content=\"article\" \/>\n<meta property=\"og:title\" content=\"Aviso legal - Flamenco Madrid\" \/>\n<meta property=\"og:description\" content=\"Uso y acceso El uso y acceso a los contenidos que alberga la presente P\u00e1gina Web implica el conocimiento y aceptaci\u00f3n incondicional de las presentes condiciones que tienen como objetivo informar a los usuarios de los derechos, usos, prohibiciones, responsabilidades, y dem\u00e1s circunstancias, que rigen a la hora de navegar por la P\u00e1gina Web titularidad...\" \/>\n<meta property=\"og:url\" content=\"https:\/\/flamencomadrid.com\/es\/aviso-legal\/\" \/>\n<meta property=\"og:site_name\" content=\"Flamenco Madrid\" \/>\n<meta property=\"article:modified_time\" content=\"2023-01-05T07:55:08+00:00\" \/>\n<meta name=\"twitter:card\" content=\"summary_large_image\" \/>\n<meta name=\"twitter:label1\" content=\"Tiempo de lectura\" \/>\n\t<meta name=\"twitter:data1\" content=\"2 minutos\" \/>\n<script type=\"application\/ld+json\" class=\"yoast-schema-graph\">{\"@context\":\"https:\/\/schema.org\",\"@graph\":[{\"@type\":\"WebPage\",\"@id\":\"https:\/\/flamencomadrid.com\/es\/aviso-legal\/\",\"url\":\"https:\/\/flamencomadrid.com\/es\/aviso-legal\/\",\"name\":\"Aviso legal - Flamenco Madrid\",\"isPartOf\":{\"@id\":\"https:\/\/flamencomadrid.com\/es\/#website\"},\"datePublished\":\"2022-04-30T12:03:40+00:00\",\"dateModified\":\"2023-01-05T07:55:08+00:00\",\"breadcrumb\":{\"@id\":\"https:\/\/flamencomadrid.com\/es\/aviso-legal\/#breadcrumb\"},\"inLanguage\":\"es\",\"potentialAction\":[{\"@type\":\"ReadAction\",\"target\":[[\"https:\/\/flamencomadrid.com\/es\/aviso-legal\/\"]]}]},{\"@type\":\"BreadcrumbList\",\"@id\":\"https:\/\/flamencomadrid.com\/es\/aviso-legal\/#breadcrumb\",\"itemListElement\":[{\"@type\":\"ListItem\",\"position\":1,\"name\":\"Home\",\"item\":\"https:\/\/flamencomadrid.com\/es\/\"},{\"@type\":\"ListItem\",\"position\":2,\"name\":\"Aviso legal\"}]},{\"@type\":\"WebSite\",\"@id\":\"https:\/\/flamencomadrid.com\/es\/#website\",\"url\":\"https:\/\/flamencomadrid.com\/es\/\",\"name\":\"Flamenco Madrid\",\"description\":\"Otro sitio realizado con WordPress\",\"potentialAction\":[{\"@type\":\"SearchAction\",\"target\":{\"@type\":\"EntryPoint\",\"urlTemplate\":\"https:\/\/flamencomadrid.com\/es\/?s={search_term_string}\"},\"query-input\":{\"@type\":\"PropertyValueSpecification\",\"valueRequired\":true,\"valueName\":\"search_term_string\"}}],\"inLanguage\":\"es\"}]}<\/script>\n<!-- \/ Yoast SEO plugin. -->","yoast_head_json":{"title":"Aviso legal - Flamenco Madrid","robots":{"index":"index","follow":"follow","max-snippet":"max-snippet:-1","max-image-preview":"max-image-preview:large","max-video-preview":"max-video-preview:-1"},"canonical":"\/","og_locale":"es_ES","og_type":"article","og_title":"Aviso legal - Flamenco Madrid","og_description":"Uso y acceso El uso y acceso a los contenidos que alberga la presente P\u00e1gina Web implica el conocimiento y aceptaci\u00f3n incondicional de las presentes condiciones que tienen como objetivo informar a los usuarios de los derechos, usos, prohibiciones, responsabilidades, y dem\u00e1s circunstancias, que rigen a la hora de navegar por la P\u00e1gina Web titularidad...","og_url":"https:\/\/flamencomadrid.com\/es\/aviso-legal\/","og_site_name":"Flamenco Madrid","article_modified_time":"2023-01-05T07:55:08+00:00","twitter_card":"summary_large_image","twitter_misc":{"Tiempo de lectura":"2 minutos"},"schema":{"@context":"https:\/\/schema.org","@graph":[{"@type":"WebPage","@id":"https:\/\/flamencomadrid.com\/es\/aviso-legal\/","url":"https:\/\/flamencomadrid.com\/es\/aviso-legal\/","name":"Aviso legal - Flamenco Madrid","isPartOf":{"@id":"https:\/\/flamencomadrid.com\/es\/#website"},"datePublished":"2022-04-30T12:03:40+00:00","dateModified":"2023-01-05T07:55:08+00:00","breadcrumb":{"@id":"https:\/\/flamencomadrid.com\/es\/aviso-legal\/#breadcrumb"},"inLanguage":"es","potentialAction":[{"@type":"ReadAction","target":[["https:\/\/flamencomadrid.com\/es\/aviso-legal\/"]]}]},{"@type":"BreadcrumbList","@id":"https:\/\/flamencomadrid.com\/es\/aviso-legal\/#breadcrumb","itemListElement":[{"@type":"ListItem","position":1,"name":"Home","item":"https:\/\/flamencomadrid.com\/es\/"},{"@type":"ListItem","position":2,"name":"Aviso legal"}]},{"@type":"WebSite","@id":"https:\/\/flamencomadrid.com\/es\/#website","url":"https:\/\/flamencomadrid.com\/es\/","name":"Flamenco Madrid","description":"Otro sitio realizado con WordPress","potentialAction":[{"@type":"SearchAction","target":{"@type":"EntryPoint","urlTemplate":"https:\/\/flamencomadrid.com\/es\/?s={search_term_string}"},"query-input":{"@type":"PropertyValueSpecification","valueRequired":true,"valueName":"search_term_string"}}],"inLanguage":"es"}]}},"_links":{"self":[{"href":"https:\/\/flamencomadrid.com\/es\/wp-json\/wp\/v2\/pages\/176","targetHints":{"allow":["GET"]}}],"collection":[{"href":"https:\/\/flamencomadrid.com\/es\/wp-json\/wp\/v2\/pages"}],"about":[{"href":"https:\/\/flamencomadrid.com\/es\/wp-json\/wp\/v2\/types\/page"}],"author":[{"embeddable":true,"href":"https:\/\/flamencomadrid.com\/es\/wp-json\/wp\/v2\/users\/1"}],"replies":[{"embeddable":true,"href":"https:\/\/flamencomadrid.com\/es\/wp-json\/wp\/v2\/comments?post=176"}],"version-history":[{"count":4,"href":"https:\/\/flamencomadrid.com\/es\/wp-json\/wp\/v2\/pages\/176\/revisions"}],"predecessor-version":[{"id":556,"href":"https:\/\/flamencomadrid.com\/es\/wp-json\/wp\/v2\/pages\/176\/revisions\/556"}],"wp:attachment":[{"href":"https:\/\/flamencomadrid.com\/es\/wp-json\/wp\/v2\/media?parent=176"}],"curies":[{"name":"wp","href":"https:\/\/api.w.org\/{rel}","templated":true}]}}