{"id":149,"date":"2022-04-30T09:06:22","date_gmt":"2022-04-30T09:06:22","guid":{"rendered":"http:\/\/fm.fullcircle.es\/?page_id=149"},"modified":"2024-01-23T13:03:07","modified_gmt":"2024-01-23T12:03:07","slug":"las-mejores-escuelas-de-flamenco-en-madrid","status":"publish","type":"page","link":"https:\/\/flamencomadrid.com\/es\/las-mejores-escuelas-de-flamenco-en-madrid\/","title":{"rendered":"Las mejores escuelas de Flamenco en Madrid"},"content":{"rendered":"<p><\/p>\n<h3>Aprender a bailar flamenco<\/h3>\n<p>Ha llegado el momento de formarte en esta disciplina vibrante que envuelve cuerpo y alma a quienes lo practican y lo reciben: El Flamenco.<\/p>\n<p>Cualquiera de las <strong>Escuelas de Flamenco<\/strong> seleccionadas te sumar\u00e1 en t\u00e9cnica y experiencia. Un trabajo de investigaci\u00f3n previo nos ha dado como resultado El p\u00f3dium de la formaci\u00f3n en el Flamenco.<\/p>\n<p>Te ofrecemos cada detalle de <strong>las mejores Escuelas de Flamenco en Madrid<\/strong>. A partir de aqu\u00ed, seg\u00fan tus intereses y circunstancias puedes escoger tu centro ideal sin miedo a equivocarte.<\/p>","protected":false},"excerpt":{"rendered":"Aprender a bailar flamenco Ha llegado el momento de formarte en esta disciplina vibrante que envuelve cuerpo y alma a quienes lo practican y lo reciben: El Flamenco. Cualquiera de las Escuelas de Flamenco seleccionadas te sumar\u00e1 en t\u00e9cnica y experiencia. Un trabajo de investigaci\u00f3n previo nos ha dado como resultado El p\u00f3dium de la&#8230;","protected":false},"author":1,"featured_media":386,"parent":0,"menu_order":2,"comment_status":"closed","ping_status":"closed","template":"templates\/schools.php","meta":{"_acf_changed":false,"footnotes":""},"class_list":["post-149","page","type-page","status-publish","has-post-thumbnail","hentry"],"acf":[],"yoast_head":"<!-- This site is optimized with the Yoast SEO plugin v27.4 - https:\/\/yoast.com\/product\/yoast-seo-wordpress\/ -->\n<title>Las mejores escuelas de Flamenco en Madrid - Flamenco Madrid<\/title>\n<meta name=\"robots\" content=\"index, follow, max-snippet:-1, max-image-preview:large, max-video-preview:-1\" \/>\n<link rel=\"canonical\" href=\"\/\" \/>\n<meta property=\"og:locale\" content=\"es_ES\" \/>\n<meta property=\"og:type\" content=\"article\" \/>\n<meta property=\"og:title\" content=\"Las mejores escuelas de Flamenco en Madrid - Flamenco Madrid\" \/>\n<meta property=\"og:description\" content=\"Aprender a bailar flamenco Ha llegado el momento de formarte en esta disciplina vibrante que envuelve cuerpo y alma a quienes lo practican y lo reciben: El Flamenco. Cualquiera de las Escuelas de Flamenco seleccionadas te sumar\u00e1 en t\u00e9cnica y experiencia. Un trabajo de investigaci\u00f3n previo nos ha dado como resultado El p\u00f3dium de la...\" \/>\n<meta property=\"og:url\" content=\"https:\/\/flamencomadrid.com\/es\/las-mejores-escuelas-de-flamenco-en-madrid\/\" \/>\n<meta property=\"og:site_name\" content=\"Flamenco Madrid\" \/>\n<meta property=\"article:modified_time\" content=\"2024-01-23T12:03:07+00:00\" \/>\n<meta property=\"og:image\" content=\"https:\/\/flamencomadrid.com\/wp-content\/uploads\/2022\/05\/las-mejores-escuelas-de-flamenco-en-madrid.png\" \/>\n\t<meta property=\"og:image:width\" content=\"700\" \/>\n\t<meta property=\"og:image:height\" content=\"400\" \/>\n\t<meta property=\"og:image:type\" content=\"image\/png\" \/>\n<meta name=\"twitter:card\" content=\"summary_large_image\" \/>\n<meta name=\"twitter:label1\" content=\"Tiempo de lectura\" \/>\n\t<meta name=\"twitter:data1\" content=\"2 minutos\" \/>\n<script type=\"application\/ld+json\" class=\"yoast-schema-graph\">{\"@context\":\"https:\\\/\\\/schema.org\",\"@graph\":[{\"@type\":\"WebPage\",\"@id\":\"https:\\\/\\\/flamencomadrid.com\\\/es\\\/las-mejores-escuelas-de-flamenco-en-madrid\\\/\",\"url\":\"https:\\\/\\\/flamencomadrid.com\\\/es\\\/las-mejores-escuelas-de-flamenco-en-madrid\\\/\",\"name\":\"Las mejores escuelas de Flamenco en Madrid - Flamenco Madrid\",\"isPartOf\":{\"@id\":\"https:\\\/\\\/flamencomadrid.com\\\/es\\\/#website\"},\"primaryImageOfPage\":{\"@id\":\"https:\\\/\\\/flamencomadrid.com\\\/es\\\/las-mejores-escuelas-de-flamenco-en-madrid\\\/#primaryimage\"},\"image\":{\"@id\":\"https:\\\/\\\/flamencomadrid.com\\\/es\\\/las-mejores-escuelas-de-flamenco-en-madrid\\\/#primaryimage\"},\"thumbnailUrl\":\"https:\\\/\\\/flamencomadrid.com\\\/wp-content\\\/uploads\\\/2022\\\/05\\\/las-mejores-escuelas-de-flamenco-en-madrid.png\",\"datePublished\":\"2022-04-30T09:06:22+00:00\",\"dateModified\":\"2024-01-23T12:03:07+00:00\",\"breadcrumb\":{\"@id\":\"https:\\\/\\\/flamencomadrid.com\\\/es\\\/las-mejores-escuelas-de-flamenco-en-madrid\\\/#breadcrumb\"},\"inLanguage\":\"es\",\"potentialAction\":[{\"@type\":\"ReadAction\",\"target\":[[\"https:\\\/\\\/flamencomadrid.com\\\/es\\\/las-mejores-escuelas-de-flamenco-en-madrid\\\/\"]]}]},{\"@type\":\"ImageObject\",\"inLanguage\":\"es\",\"@id\":\"https:\\\/\\\/flamencomadrid.com\\\/es\\\/las-mejores-escuelas-de-flamenco-en-madrid\\\/#primaryimage\",\"url\":\"https:\\\/\\\/flamencomadrid.com\\\/wp-content\\\/uploads\\\/2022\\\/05\\\/las-mejores-escuelas-de-flamenco-en-madrid.png\",\"contentUrl\":\"https:\\\/\\\/flamencomadrid.com\\\/wp-content\\\/uploads\\\/2022\\\/05\\\/las-mejores-escuelas-de-flamenco-en-madrid.png\",\"width\":700,\"height\":400},{\"@type\":\"BreadcrumbList\",\"@id\":\"https:\\\/\\\/flamencomadrid.com\\\/es\\\/las-mejores-escuelas-de-flamenco-en-madrid\\\/#breadcrumb\",\"itemListElement\":[{\"@type\":\"ListItem\",\"position\":1,\"name\":\"Home\",\"item\":\"https:\\\/\\\/flamencomadrid.com\\\/es\\\/\"},{\"@type\":\"ListItem\",\"position\":2,\"name\":\"Las mejores escuelas de Flamenco en Madrid\"}]},{\"@type\":\"WebSite\",\"@id\":\"https:\\\/\\\/flamencomadrid.com\\\/es\\\/#website\",\"url\":\"https:\\\/\\\/flamencomadrid.com\\\/es\\\/\",\"name\":\"Flamenco Madrid\",\"description\":\"Otro sitio realizado con WordPress\",\"potentialAction\":[{\"@type\":\"SearchAction\",\"target\":{\"@type\":\"EntryPoint\",\"urlTemplate\":\"https:\\\/\\\/flamencomadrid.com\\\/es\\\/?s={search_term_string}\"},\"query-input\":{\"@type\":\"PropertyValueSpecification\",\"valueRequired\":true,\"valueName\":\"search_term_string\"}}],\"inLanguage\":\"es\"}]}<\/script>\n<!-- \/ Yoast SEO plugin. -->","yoast_head_json":{"title":"Las mejores escuelas de Flamenco en Madrid - Flamenco Madrid","robots":{"index":"index","follow":"follow","max-snippet":"max-snippet:-1","max-image-preview":"max-image-preview:large","max-video-preview":"max-video-preview:-1"},"canonical":"\/","og_locale":"es_ES","og_type":"article","og_title":"Las mejores escuelas de Flamenco en Madrid - Flamenco Madrid","og_description":"Aprender a bailar flamenco Ha llegado el momento de formarte en esta disciplina vibrante que envuelve cuerpo y alma a quienes lo practican y lo reciben: El Flamenco. Cualquiera de las Escuelas de Flamenco seleccionadas te sumar\u00e1 en t\u00e9cnica y experiencia. Un trabajo de investigaci\u00f3n previo nos ha dado como resultado El p\u00f3dium de la...","og_url":"https:\/\/flamencomadrid.com\/es\/las-mejores-escuelas-de-flamenco-en-madrid\/","og_site_name":"Flamenco Madrid","article_modified_time":"2024-01-23T12:03:07+00:00","og_image":[{"width":700,"height":400,"url":"https:\/\/flamencomadrid.com\/wp-content\/uploads\/2022\/05\/las-mejores-escuelas-de-flamenco-en-madrid.png","type":"image\/png"}],"twitter_card":"summary_large_image","twitter_misc":{"Tiempo de lectura":"2 minutos"},"schema":{"@context":"https:\/\/schema.org","@graph":[{"@type":"WebPage","@id":"https:\/\/flamencomadrid.com\/es\/las-mejores-escuelas-de-flamenco-en-madrid\/","url":"https:\/\/flamencomadrid.com\/es\/las-mejores-escuelas-de-flamenco-en-madrid\/","name":"Las mejores escuelas de Flamenco en Madrid - Flamenco Madrid","isPartOf":{"@id":"https:\/\/flamencomadrid.com\/es\/#website"},"primaryImageOfPage":{"@id":"https:\/\/flamencomadrid.com\/es\/las-mejores-escuelas-de-flamenco-en-madrid\/#primaryimage"},"image":{"@id":"https:\/\/flamencomadrid.com\/es\/las-mejores-escuelas-de-flamenco-en-madrid\/#primaryimage"},"thumbnailUrl":"https:\/\/flamencomadrid.com\/wp-content\/uploads\/2022\/05\/las-mejores-escuelas-de-flamenco-en-madrid.png","datePublished":"2022-04-30T09:06:22+00:00","dateModified":"2024-01-23T12:03:07+00:00","breadcrumb":{"@id":"https:\/\/flamencomadrid.com\/es\/las-mejores-escuelas-de-flamenco-en-madrid\/#breadcrumb"},"inLanguage":"es","potentialAction":[{"@type":"ReadAction","target":[["https:\/\/flamencomadrid.com\/es\/las-mejores-escuelas-de-flamenco-en-madrid\/"]]}]},{"@type":"ImageObject","inLanguage":"es","@id":"https:\/\/flamencomadrid.com\/es\/las-mejores-escuelas-de-flamenco-en-madrid\/#primaryimage","url":"https:\/\/flamencomadrid.com\/wp-content\/uploads\/2022\/05\/las-mejores-escuelas-de-flamenco-en-madrid.png","contentUrl":"https:\/\/flamencomadrid.com\/wp-content\/uploads\/2022\/05\/las-mejores-escuelas-de-flamenco-en-madrid.png","width":700,"height":400},{"@type":"BreadcrumbList","@id":"https:\/\/flamencomadrid.com\/es\/las-mejores-escuelas-de-flamenco-en-madrid\/#breadcrumb","itemListElement":[{"@type":"ListItem","position":1,"name":"Home","item":"https:\/\/flamencomadrid.com\/es\/"},{"@type":"ListItem","position":2,"name":"Las mejores escuelas de Flamenco en Madrid"}]},{"@type":"WebSite","@id":"https:\/\/flamencomadrid.com\/es\/#website","url":"https:\/\/flamencomadrid.com\/es\/","name":"Flamenco Madrid","description":"Otro sitio realizado con WordPress","potentialAction":[{"@type":"SearchAction","target":{"@type":"EntryPoint","urlTemplate":"https:\/\/flamencomadrid.com\/es\/?s={search_term_string}"},"query-input":{"@type":"PropertyValueSpecification","valueRequired":true,"valueName":"search_term_string"}}],"inLanguage":"es"}]}},"_links":{"self":[{"href":"https:\/\/flamencomadrid.com\/es\/wp-json\/wp\/v2\/pages\/149","targetHints":{"allow":["GET"]}}],"collection":[{"href":"https:\/\/flamencomadrid.com\/es\/wp-json\/wp\/v2\/pages"}],"about":[{"href":"https:\/\/flamencomadrid.com\/es\/wp-json\/wp\/v2\/types\/page"}],"author":[{"embeddable":true,"href":"https:\/\/flamencomadrid.com\/es\/wp-json\/wp\/v2\/users\/1"}],"replies":[{"embeddable":true,"href":"https:\/\/flamencomadrid.com\/es\/wp-json\/wp\/v2\/comments?post=149"}],"version-history":[{"count":8,"href":"https:\/\/flamencomadrid.com\/es\/wp-json\/wp\/v2\/pages\/149\/revisions"}],"predecessor-version":[{"id":1004,"href":"https:\/\/flamencomadrid.com\/es\/wp-json\/wp\/v2\/pages\/149\/revisions\/1004"}],"wp:featuredmedia":[{"embeddable":true,"href":"https:\/\/flamencomadrid.com\/es\/wp-json\/wp\/v2\/media\/386"}],"wp:attachment":[{"href":"https:\/\/flamencomadrid.com\/es\/wp-json\/wp\/v2\/media?parent=149"}],"curies":[{"name":"wp","href":"https:\/\/api.w.org\/{rel}","templated":true}]}}