{"id":179,"date":"2022-04-30T12:04:14","date_gmt":"2022-04-30T12:04:14","guid":{"rendered":"http:\/\/fm.fullcircle.es\/?page_id=179"},"modified":"2022-05-18T11:11:18","modified_gmt":"2022-05-18T09:11:18","slug":"politica-de-cookies","status":"publish","type":"page","link":"https:\/\/flamencomadrid.com\/en\/espanol-politica-de-cookies\/","title":{"rendered":"Pol\u00edtica de cookies"},"content":{"rendered":"<p><\/p>\n<h2>\u00bfQu\u00e9 son las cookies?<\/h2>\n<p>Las cookies son una herramienta que utilizamos (nosotros y toda persona\/empresa que opere en Internet) con fines publicitarios. Pero esa solo es una de las razones para utilizar cookies, unos elementos que, por lo general, son bastante inteligentes.<\/p>\n<p>Las cookies ayudan a que flamencomadrid.com funcione mejor, adem\u00e1s de resultar muy \u00fatiles para facilitar, desde un segundo plano, la experiencia de ser cliente de flamencomadrid.com.<\/p>\n<p>Hay cookies que recopilan informaci\u00f3n sobre el uso que hacen de flamencomadrid.com las personas que visitan la web, como, por ejemplo, qu\u00e9 p\u00e1ginas reciben m\u00e1s visitas o si estas generan mensajes de error. Estas cookies no recopilan informaci\u00f3n que permita identificar a los visitantes. Toda la informaci\u00f3n recopilada por estas cookies se agrega y utiliza para mejorar el funcionamiento de flamencomadrid.com.<\/p>\n<p>Tambi\u00e9n hay cookies que permiten a flamencomadrid.com recordar tu selecci\u00f3n de opciones (idioma o la regi\u00f3n en la que te encuentras) y personalizar las funciones que te ofrece.<\/p>\n<p>La informaci\u00f3n que Flamenco Madrid recaba de cookies es de dos tipos:<\/p>\n<ul>\n<li>Cookies estrictamente necesarias para prestar un servicio o contenido solicitado por el usuario registrado. \u00c9stas tienen como finalidad recordar identificaciones de registros; preferencias de herramientas en la utilizaci\u00f3n de contenidos; inter-actuaci\u00f3n con los contenidos; localizaci\u00f3n de acceso a los contenidos. Este tipo de cookies pueden tener una duraci\u00f3n determinada: caducidad inminente; caducidad al finalizar sesi\u00f3n; caducidad temporal.<\/li>\n<li>Cookies estrictamente no necesarias para prestar servicios, como por ejemplo, publicidad de terceros; informaci\u00f3n de resultados; h\u00e1bitos de navegaci\u00f3n; mejora de rendimientos. Este tipo de cookies se caracterizan por obtener informaci\u00f3n con las siguientes finalidades: gestionar los espacios publicitarios; conocer los h\u00e1bitos de navegaci\u00f3n -publicidad comportamental-; analizar y medir resultados. Al igual que, las precedentes, \u00e9ste tipo de cookies pueden tener una caducidad variable: inminente, diaria o un \u00e1mbito de tiempo mayor.<\/li>\n<\/ul>\n<h2>Cookies propias<\/h2>\n<p>Te informamos que esta p\u00e1gina web recaba cookies propias necesarias.<\/p>\n<div class=\"table-wrapper\">\n<table cellspacing=\"0\" cellpadding=\"0\">\n<tbody>\n<tr>\n<th valign=\"top\">Nombre de la cookie<\/th>\n<th valign=\"top\">Titular<\/th>\n<th valign=\"top\">Finalidad<\/th>\n<th valign=\"top\">Temporalidad<\/th>\n<th valign=\"top\">Pol\u00edtica Privacidad<\/th>\n<th valign=\"top\">Categor\u00eda<\/th>\n<\/tr>\n<tr>\n<td valign=\"top\">cookiesDirective<\/td>\n<td valign=\"top\">Flamenco Madrid<\/td>\n<td valign=\"top\">Verificar que el usuario ha aceptado la pol\u00edtica de cookies<\/td>\n<td valign=\"top\">Anual<\/td>\n<td valign=\"top\"><a href=\"https:\/\/flamencomadrid.com\/es\/es\/politica-de-privacidad\/\">www.flamencomadrid.com<\/a><\/td>\n<td valign=\"top\">NECESARIA<\/td>\n<\/tr>\n<\/tbody>\n<\/table>\n<\/div>\n<h2>Cookies de terceros<\/h2>\n<p>A continuaci\u00f3n incluimos un listado de las cookies que recabamos de terceros y cuya finalidad es a nivel estrat\u00e9gico y de experiencia de usuario, no siendo ninguna de ellas funcional y por tanto no necesarias para la correcta navegaci\u00f3n o funcionalidad de la p\u00e1gina web.<\/p>\n<div class=\"table-wrapper\">\n<table cellspacing=\"0\" cellpadding=\"0\">\n<tbody>\n<tr>\n<th valign=\"top\">Nombre de la cookie<\/th>\n<th valign=\"top\">TITULAR<\/th>\n<th valign=\"top\">Finalidad<\/th>\n<th valign=\"top\">Temporalidad<\/th>\n<th valign=\"top\">Pol\u00edtica Privacidad<\/th>\n<th valign=\"top\">CATEGOR\u00cdA<\/th>\n<\/tr>\n<tr>\n<td valign=\"top\">_ga<\/td>\n<td valign=\"top\">GOOGLE ANALYTICS<\/td>\n<td valign=\"top\">Verificaci\u00f3n de visita<\/td>\n<td valign=\"top\">Sesi\u00f3n<\/td>\n<td valign=\"top\"><a href=\"http:\/\/www.google-anlytics.com\/\">www.google-anlytics.com<\/a><\/td>\n<td valign=\"top\">MARKETING<\/td>\n<\/tr>\n<\/tbody>\n<\/table>\n<\/div>\n<p>Al navegar por flamencomadrid.com, es posible que tu dispositivo o navegador reciba cookies de terceros, por ejemplo, al acceder a contenido insertado o enlaces a redes sociales. Vale la pena recordar que nosotros no tenemos acceso a, ni controlamos, las cookies utilizadas por estas empresas ni por las p\u00e1ginas web de terceros. Te recomendamos que visites las correspondientes p\u00e1ginas web de terceros para obtener m\u00e1s informaci\u00f3n sobre las cookies y la forma de administrarlas.<\/p>\n<h2>Desactivar las cookies<\/h2>\n<p>Puedes configurar tu navegador de forma que rechace todas o algunas de las cookies, o bien para que te avise cuando las p\u00e1ginas web instalen o accedan a las cookies. Ten en cuenta que, si optas por deshabilitar o rechazar las cookies, determinadas secciones de este sitio web podr\u00edan no funcionar correctamente o ser inaccesibles para ti.<\/p>\n<p>En caso que no consintieras el tratamiento de dicha informaci\u00f3n puedes modificar la configuraci\u00f3n de tu navegador web. A continuaci\u00f3n te detallamos una lista con enlaces para cada tipo de navegador.<\/p>\n<ul>\n<li><a href=\"http:\/\/support.google.com\/chrome\/bin\/answer.py?hl=es&amp;answer=95647\">Configurar cookies en Google Chrome<\/a><\/li>\n<li><a href=\"https:\/\/privacy.microsoft.com\/es-ES\/windows-10-microsoft-edge-and-privacy\">Configurar cookies en Microsoft Edge<\/a><\/li>\n<li><a href=\"https:\/\/support.microsoft.com\/es-es\/help\/17442\/windows-internet-explorer-delete-manage-cookies#ie=ie-11\">Configurar cookies en Microsoft Internet Explorer<\/a><\/li>\n<li><a href=\"http:\/\/support.mozilla.org\/es\/kb\/habilitar-y-deshabilitar-cookies-que-los-sitios-we\">Configurar cookies en Mozilla Firefox<\/a><\/li>\n<li><a href=\"http:\/\/www.apple.com\/es\/privacy\/use-of-cookies\/\">Configurar cookies en Safari (Apple)<\/a><\/li>\n<li><a href=\"http:\/\/help.opera.com\/Windows\/10.60\/es-ES\/cookies.html\">Configurar cookies en Opera<\/a><\/li>\n<\/ul>\n<p>En relaci\u00f3n a los dispositivos m\u00f3viles, aqu\u00ed te dejamos m\u00e1s informaci\u00f3n.<\/p>\n<ul>\n<li><strong>Para Android:<\/strong>\u00a0Men\u00fa &gt; M\u00e1s &gt; Ajustes &gt; Ajustes de privacidad.<\/li>\n<li><strong>Para Safari iOS:<\/strong>\u00a0<a href=\"https:\/\/support.apple.com\/es-es\/HT201265\">Configurar cookies en Safari (iOS)<\/a><\/li>\n<li><strong>Para Blackberry:<\/strong>\u00a0Home &gt; Browser &gt; Options &gt; Privacy &amp; Security: clear the Accept Cookies &gt; Save<\/li>\n<li><strong>Para Windows Phone:<\/strong>\u00a0<a href=\"https:\/\/support.microsoft.com\/es-es\/help\/10635\/windows-phone-change-privacy-and-other-browser-settings\">Configurar Windows Phone<\/a><\/li>\n<\/ul>\n<p>Para cualquier duda, aclaraci\u00f3n y\/o sugerencia al respecto de las cookies, puedes ponerte en contacto con nosotros a traves de nuestro correo electr\u00f3nico:\u00a0<a href=\"mailto:welcome@flamencomadrid.com\"><span class=\"s8\">welcome@flamencomadrid.com<\/span><\/a><\/p>\n<p>La informaci\u00f3n proporcionada puede sufrir modificaciones debidas a actualizaciones o cambios en la pol\u00edtica de tratamiento de cookies.<\/p>","protected":false},"excerpt":{"rendered":"\u00bfQu\u00e9 son las cookies? Las cookies son una herramienta que utilizamos (nosotros y toda persona\/empresa que opere en Internet) con fines publicitarios. Pero esa solo es una de las razones para utilizar cookies, unos elementos que, por lo general, son bastante inteligentes. Las cookies ayudan a que flamencomadrid.com funcione mejor, adem\u00e1s de resultar muy \u00fatiles&#8230;","protected":false},"author":1,"featured_media":0,"parent":0,"menu_order":22,"comment_status":"closed","ping_status":"closed","template":"","meta":{"_acf_changed":false,"footnotes":""},"class_list":["post-179","page","type-page","status-publish","hentry"],"acf":[],"yoast_head":"<!-- This site is optimized with the Yoast SEO plugin v27.4 - https:\/\/yoast.com\/product\/yoast-seo-wordpress\/ -->\n<title>Pol\u00edtica de cookies - Flamenco Madrid<\/title>\n<meta name=\"robots\" content=\"index, follow, max-snippet:-1, max-image-preview:large, max-video-preview:-1\" \/>\n<link rel=\"canonical\" href=\"\/\" \/>\n<meta property=\"og:locale\" content=\"en_US\" \/>\n<meta property=\"og:type\" content=\"article\" \/>\n<meta property=\"og:title\" content=\"Pol\u00edtica de cookies - Flamenco Madrid\" \/>\n<meta property=\"og:description\" content=\"\u00bfQu\u00e9 son las cookies? Las cookies son una herramienta que utilizamos (nosotros y toda persona\/empresa que opere en Internet) con fines publicitarios. Pero esa solo es una de las razones para utilizar cookies, unos elementos que, por lo general, son bastante inteligentes. Las cookies ayudan a que flamencomadrid.com funcione mejor, adem\u00e1s de resultar muy \u00fatiles...\" \/>\n<meta property=\"og:url\" content=\"https:\/\/flamencomadrid.com\/en\/politica-de-cookies\/\" \/>\n<meta property=\"og:site_name\" content=\"Flamenco Madrid\" \/>\n<meta property=\"article:modified_time\" content=\"2022-05-18T09:11:18+00:00\" \/>\n<meta name=\"twitter:card\" content=\"summary_large_image\" \/>\n<meta name=\"twitter:label1\" content=\"Est. reading time\" \/>\n\t<meta name=\"twitter:data1\" content=\"4 minutes\" \/>\n<script type=\"application\/ld+json\" class=\"yoast-schema-graph\">{\"@context\":\"https:\\\/\\\/schema.org\",\"@graph\":[{\"@type\":\"WebPage\",\"@id\":\"https:\\\/\\\/flamencomadrid.com\\\/en\\\/politica-de-cookies\\\/\",\"url\":\"https:\\\/\\\/flamencomadrid.com\\\/en\\\/politica-de-cookies\\\/\",\"name\":\"Pol\u00edtica de cookies - Flamenco Madrid\",\"isPartOf\":{\"@id\":\"https:\\\/\\\/flamencomadrid.com\\\/en\\\/#website\"},\"datePublished\":\"2022-04-30T12:04:14+00:00\",\"dateModified\":\"2022-05-18T09:11:18+00:00\",\"breadcrumb\":{\"@id\":\"https:\\\/\\\/flamencomadrid.com\\\/en\\\/politica-de-cookies\\\/#breadcrumb\"},\"inLanguage\":\"en-US\",\"potentialAction\":[{\"@type\":\"ReadAction\",\"target\":[[\"https:\\\/\\\/flamencomadrid.com\\\/en\\\/politica-de-cookies\\\/\"]]}]},{\"@type\":\"BreadcrumbList\",\"@id\":\"https:\\\/\\\/flamencomadrid.com\\\/en\\\/politica-de-cookies\\\/#breadcrumb\",\"itemListElement\":[{\"@type\":\"ListItem\",\"position\":1,\"name\":\"Home\",\"item\":\"https:\\\/\\\/flamencomadrid.com\\\/en\\\/\"},{\"@type\":\"ListItem\",\"position\":2,\"name\":\"Pol\u00edtica de cookies\"}]},{\"@type\":\"WebSite\",\"@id\":\"https:\\\/\\\/flamencomadrid.com\\\/en\\\/#website\",\"url\":\"https:\\\/\\\/flamencomadrid.com\\\/en\\\/\",\"name\":\"Flamenco Madrid\",\"description\":\"El mundo del Flamenco en el centro de Madrid\",\"potentialAction\":[{\"@type\":\"SearchAction\",\"target\":{\"@type\":\"EntryPoint\",\"urlTemplate\":\"https:\\\/\\\/flamencomadrid.com\\\/en\\\/?s={search_term_string}\"},\"query-input\":{\"@type\":\"PropertyValueSpecification\",\"valueRequired\":true,\"valueName\":\"search_term_string\"}}],\"inLanguage\":\"en-US\"}]}<\/script>\n<!-- \/ Yoast SEO plugin. -->","yoast_head_json":{"title":"Pol\u00edtica de cookies - Flamenco Madrid","robots":{"index":"index","follow":"follow","max-snippet":"max-snippet:-1","max-image-preview":"max-image-preview:large","max-video-preview":"max-video-preview:-1"},"canonical":"\/","og_locale":"en_US","og_type":"article","og_title":"Pol\u00edtica de cookies - Flamenco Madrid","og_description":"\u00bfQu\u00e9 son las cookies? Las cookies son una herramienta que utilizamos (nosotros y toda persona\/empresa que opere en Internet) con fines publicitarios. Pero esa solo es una de las razones para utilizar cookies, unos elementos que, por lo general, son bastante inteligentes. Las cookies ayudan a que flamencomadrid.com funcione mejor, adem\u00e1s de resultar muy \u00fatiles...","og_url":"https:\/\/flamencomadrid.com\/en\/politica-de-cookies\/","og_site_name":"Flamenco Madrid","article_modified_time":"2022-05-18T09:11:18+00:00","twitter_card":"summary_large_image","twitter_misc":{"Est. reading time":"4 minutes"},"schema":{"@context":"https:\/\/schema.org","@graph":[{"@type":"WebPage","@id":"https:\/\/flamencomadrid.com\/en\/politica-de-cookies\/","url":"https:\/\/flamencomadrid.com\/en\/politica-de-cookies\/","name":"Pol\u00edtica de cookies - Flamenco Madrid","isPartOf":{"@id":"https:\/\/flamencomadrid.com\/en\/#website"},"datePublished":"2022-04-30T12:04:14+00:00","dateModified":"2022-05-18T09:11:18+00:00","breadcrumb":{"@id":"https:\/\/flamencomadrid.com\/en\/politica-de-cookies\/#breadcrumb"},"inLanguage":"en-US","potentialAction":[{"@type":"ReadAction","target":[["https:\/\/flamencomadrid.com\/en\/politica-de-cookies\/"]]}]},{"@type":"BreadcrumbList","@id":"https:\/\/flamencomadrid.com\/en\/politica-de-cookies\/#breadcrumb","itemListElement":[{"@type":"ListItem","position":1,"name":"Home","item":"https:\/\/flamencomadrid.com\/en\/"},{"@type":"ListItem","position":2,"name":"Pol\u00edtica de cookies"}]},{"@type":"WebSite","@id":"https:\/\/flamencomadrid.com\/en\/#website","url":"https:\/\/flamencomadrid.com\/en\/","name":"Flamenco Madrid","description":"El mundo del Flamenco en el centro de Madrid","potentialAction":[{"@type":"SearchAction","target":{"@type":"EntryPoint","urlTemplate":"https:\/\/flamencomadrid.com\/en\/?s={search_term_string}"},"query-input":{"@type":"PropertyValueSpecification","valueRequired":true,"valueName":"search_term_string"}}],"inLanguage":"en-US"}]}},"_links":{"self":[{"href":"https:\/\/flamencomadrid.com\/en\/wp-json\/wp\/v2\/pages\/179","targetHints":{"allow":["GET"]}}],"collection":[{"href":"https:\/\/flamencomadrid.com\/en\/wp-json\/wp\/v2\/pages"}],"about":[{"href":"https:\/\/flamencomadrid.com\/en\/wp-json\/wp\/v2\/types\/page"}],"author":[{"embeddable":true,"href":"https:\/\/flamencomadrid.com\/en\/wp-json\/wp\/v2\/users\/1"}],"replies":[{"embeddable":true,"href":"https:\/\/flamencomadrid.com\/en\/wp-json\/wp\/v2\/comments?post=179"}],"version-history":[{"count":4,"href":"https:\/\/flamencomadrid.com\/en\/wp-json\/wp\/v2\/pages\/179\/revisions"}],"predecessor-version":[{"id":538,"href":"https:\/\/flamencomadrid.com\/en\/wp-json\/wp\/v2\/pages\/179\/revisions\/538"}],"wp:attachment":[{"href":"https:\/\/flamencomadrid.com\/en\/wp-json\/wp\/v2\/media?parent=179"}],"curies":[{"name":"wp","href":"https:\/\/api.w.org\/{rel}","templated":true}]}}